{"id":10191,"date":"2021-12-03T14:34:57","date_gmt":"2021-12-03T17:34:57","guid":{"rendered":"https:\/\/sistemafibra.alexholanda.com.br\/fibra\/?page_id=1554"},"modified":"2022-02-01T10:43:19","modified_gmt":"2022-02-01T13:43:19","slug":"credito-financeiro","status":"publish","type":"page","link":"https:\/\/sistemafibra.alexholanda.com.br\/fibra\/credito-financeiro\/","title":{"rendered":"Cr\u00e9dito e Financiamento"},"content":{"rendered":"\t\t<div data-elementor-type=\"wp-page\" data-elementor-id=\"10191\" class=\"elementor elementor-10191\">\n\t\t\t\t\t\t<section class=\"elementor-section elementor-top-section elementor-element elementor-element-c9cd1ba elementor-section-boxed elementor-section-height-default elementor-section-height-default\" data-id=\"c9cd1ba\" data-element_type=\"section\" data-e-type=\"section\" data-settings=\"{&quot;background_background&quot;:&quot;gradient&quot;}\">\n\t\t\t\t\t\t<div class=\"elementor-container elementor-column-gap-default\">\n\t\t\t\t\t<div class=\"elementor-column elementor-col-100 elementor-top-column elementor-element elementor-element-7b13b1c\" data-id=\"7b13b1c\" data-element_type=\"column\" data-e-type=\"column\" data-settings=\"{&quot;background_background&quot;:&quot;classic&quot;}\">\n\t\t\t<div class=\"elementor-widget-wrap elementor-element-populated\">\n\t\t\t\t\t\t<div class=\"elementor-element elementor-element-d6d064c elementor-widget elementor-widget-breadcrumbs\" data-id=\"d6d064c\" data-element_type=\"widget\" data-e-type=\"widget\" data-widget_type=\"breadcrumbs.default\">\n\t\t\t\t<div class=\"elementor-widget-container\">\n\t\t\t\t\t<p id=\"breadcrumbs\"><span><span><a href=\"https:\/\/sistemafibra.alexholanda.com.br\/fibra\/\"><i class=\"fas fa-home\"><\/i><\/a><\/span><\/span><\/p>\t\t\t\t<\/div>\n\t\t\t\t<\/div>\n\t\t\t\t\t<\/div>\n\t\t<\/div>\n\t\t\t\t\t<\/div>\n\t\t<\/section>\n\t\t\t\t<section class=\"elementor-section elementor-top-section elementor-element elementor-element-42c9e51 elementor-section-boxed elementor-section-height-default elementor-section-height-default\" data-id=\"42c9e51\" data-element_type=\"section\" data-e-type=\"section\">\n\t\t\t\t\t\t<div class=\"elementor-container elementor-column-gap-default\">\n\t\t\t\t\t<div class=\"elementor-column elementor-col-33 elementor-top-column elementor-element elementor-element-78a157b\" data-id=\"78a157b\" data-element_type=\"column\" data-e-type=\"column\">\n\t\t\t<div class=\"elementor-widget-wrap elementor-element-populated\">\n\t\t\t\t\t\t<div class=\"elementor-element elementor-element-8bc8136 elementor-widget-divider--view-line elementor-widget elementor-widget-divider\" data-id=\"8bc8136\" data-element_type=\"widget\" data-e-type=\"widget\" data-widget_type=\"divider.default\">\n\t\t\t\t<div class=\"elementor-widget-container\">\n\t\t\t\t\t\t\t<div class=\"elementor-divider\">\n\t\t\t<span class=\"elementor-divider-separator\">\n\t\t\t\t\t\t<\/span>\n\t\t<\/div>\n\t\t\t\t\t\t<\/div>\n\t\t\t\t<\/div>\n\t\t\t\t\t<\/div>\n\t\t<\/div>\n\t\t\t\t<div class=\"elementor-column elementor-col-33 elementor-top-column elementor-element elementor-element-15fe51c\" data-id=\"15fe51c\" data-element_type=\"column\" data-e-type=\"column\">\n\t\t\t<div class=\"elementor-widget-wrap elementor-element-populated\">\n\t\t\t\t\t\t<div class=\"elementor-element elementor-element-6f1ebbe elementor-widget elementor-widget-heading\" data-id=\"6f1ebbe\" data-element_type=\"widget\" data-e-type=\"widget\" data-widget_type=\"heading.default\">\n\t\t\t\t<div class=\"elementor-widget-container\">\n\t\t\t\t\t<h1 class=\"elementor-heading-title elementor-size-xl\">Cr\u00e9dito e Financiamento<\/h1>\t\t\t\t<\/div>\n\t\t\t\t<\/div>\n\t\t\t\t\t<\/div>\n\t\t<\/div>\n\t\t\t\t<div class=\"elementor-column elementor-col-33 elementor-top-column elementor-element elementor-element-91680bd\" data-id=\"91680bd\" data-element_type=\"column\" data-e-type=\"column\">\n\t\t\t<div class=\"elementor-widget-wrap elementor-element-populated\">\n\t\t\t\t\t\t<div class=\"elementor-element elementor-element-f953ee0 elementor-widget-divider--view-line elementor-widget elementor-widget-divider\" data-id=\"f953ee0\" data-element_type=\"widget\" data-e-type=\"widget\" data-widget_type=\"divider.default\">\n\t\t\t\t<div class=\"elementor-widget-container\">\n\t\t\t\t\t\t\t<div class=\"elementor-divider\">\n\t\t\t<span class=\"elementor-divider-separator\">\n\t\t\t\t\t\t<\/span>\n\t\t<\/div>\n\t\t\t\t\t\t<\/div>\n\t\t\t\t<\/div>\n\t\t\t\t\t<\/div>\n\t\t<\/div>\n\t\t\t\t\t<\/div>\n\t\t<\/section>\n\t\t\t\t<section class=\"elementor-section elementor-top-section elementor-element elementor-element-efe3c24 elementor-section-boxed elementor-section-height-default elementor-section-height-default\" data-id=\"efe3c24\" data-element_type=\"section\" data-e-type=\"section\">\n\t\t\t\t\t\t<div class=\"elementor-container elementor-column-gap-default\">\n\t\t\t\t\t<div class=\"elementor-column elementor-col-100 elementor-top-column elementor-element elementor-element-700f219\" data-id=\"700f219\" data-element_type=\"column\" data-e-type=\"column\">\n\t\t\t<div class=\"elementor-widget-wrap elementor-element-populated\">\n\t\t\t\t\t\t<div class=\"elementor-element elementor-element-f1f72c4 elementor-widget elementor-widget-image\" data-id=\"f1f72c4\" data-element_type=\"widget\" data-e-type=\"widget\" data-widget_type=\"image.default\">\n\t\t\t\t<div class=\"elementor-widget-container\">\n\t\t\t\t\t\t\t\t\t\t\t\t\t\t\t<img fetchpriority=\"high\" decoding=\"async\" width=\"1150\" height=\"306\" src=\"https:\/\/sistemafibra.alexholanda.com.br\/fibra\/wp-content\/uploads\/sites\/6\/2022\/02\/testeira_nac_v02.jpg\" class=\"attachment-full size-full wp-image-10698\" alt=\"\" srcset=\"https:\/\/sistemafibra.alexholanda.com.br\/fibra\/wp-content\/uploads\/sites\/6\/2022\/02\/testeira_nac_v02.jpg 1150w, https:\/\/sistemafibra.alexholanda.com.br\/fibra\/wp-content\/uploads\/sites\/6\/2022\/02\/testeira_nac_v02-300x80.jpg 300w, https:\/\/sistemafibra.alexholanda.com.br\/fibra\/wp-content\/uploads\/sites\/6\/2022\/02\/testeira_nac_v02-768x204.jpg 768w\" sizes=\"(max-width: 1150px) 100vw, 1150px\" \/>\t\t\t\t\t\t\t\t\t\t\t\t\t\t\t<\/div>\n\t\t\t\t<\/div>\n\t\t\t\t\t<\/div>\n\t\t<\/div>\n\t\t\t\t\t<\/div>\n\t\t<\/section>\n\t\t\t\t<section class=\"elementor-section elementor-top-section elementor-element elementor-element-6da937e elementor-section-boxed elementor-section-height-default elementor-section-height-default\" data-id=\"6da937e\" data-element_type=\"section\" data-e-type=\"section\">\n\t\t\t\t\t\t<div class=\"elementor-container elementor-column-gap-default\">\n\t\t\t\t\t<div class=\"elementor-column elementor-col-100 elementor-top-column elementor-element elementor-element-a813056\" data-id=\"a813056\" data-element_type=\"column\" data-e-type=\"column\">\n\t\t\t<div class=\"elementor-widget-wrap elementor-element-populated\">\n\t\t\t\t\t\t<div class=\"elementor-element elementor-element-d65e283 elementor-widget elementor-widget-text-editor\" data-id=\"d65e283\" data-element_type=\"widget\" data-e-type=\"widget\" data-widget_type=\"text-editor.default\">\n\t\t\t\t<div class=\"elementor-widget-container\">\n\t\t\t\t\t\t\t\t\t<p><span style=\"font-size: 14pt;\">O N\u00facleo de Acesso ao Cr\u00e9dito (NAC) \u00e9 uma rede nacional de acesso ao cr\u00e9dito desenvolvida pela Confedera\u00e7\u00e3o Nacional da Ind\u00fastria (CNI), em parceria com as federa\u00e7\u00f5es de ind\u00fastria de 19 estados e do Distrito Federal. De forma gratuita, o NAC orienta e fornece informa\u00e7\u00f5es para facilitar o acesso ao cr\u00e9dito das empresas industriais junto \u00e0s institui\u00e7\u00f5es financeiras.<\/span><\/p>\t\t\t\t\t\t\t\t<\/div>\n\t\t\t\t<\/div>\n\t\t\t\t\t<\/div>\n\t\t<\/div>\n\t\t\t\t\t<\/div>\n\t\t<\/section>\n\t\t\t\t<section class=\"elementor-section elementor-top-section elementor-element elementor-element-a363c79 elementor-section-boxed elementor-section-height-default elementor-section-height-default\" data-id=\"a363c79\" data-element_type=\"section\" data-e-type=\"section\">\n\t\t\t\t\t\t<div class=\"elementor-container elementor-column-gap-default\">\n\t\t\t\t\t<div class=\"elementor-column elementor-col-100 elementor-top-column elementor-element elementor-element-c694180\" data-id=\"c694180\" data-element_type=\"column\" data-e-type=\"column\">\n\t\t\t<div class=\"elementor-widget-wrap elementor-element-populated\">\n\t\t\t\t\t\t<div class=\"elementor-element elementor-element-dcae973 elementor-widget elementor-widget-heading\" data-id=\"dcae973\" data-element_type=\"widget\" data-e-type=\"widget\" data-widget_type=\"heading.default\">\n\t\t\t\t<div class=\"elementor-widget-container\">\n\t\t\t\t\t<h4 class=\"elementor-heading-title elementor-size-default\">O que faz?<\/h4>\t\t\t\t<\/div>\n\t\t\t\t<\/div>\n\t\t\t\t\t<\/div>\n\t\t<\/div>\n\t\t\t\t\t<\/div>\n\t\t<\/section>\n\t\t\t\t<section class=\"elementor-section elementor-top-section elementor-element elementor-element-593f822 elementor-section-boxed elementor-section-height-default elementor-section-height-default\" data-id=\"593f822\" data-element_type=\"section\" data-e-type=\"section\">\n\t\t\t\t\t\t<div class=\"elementor-container elementor-column-gap-default\">\n\t\t\t\t\t<div class=\"elementor-column elementor-col-100 elementor-top-column elementor-element elementor-element-5167dda\" data-id=\"5167dda\" data-element_type=\"column\" data-e-type=\"column\">\n\t\t\t<div class=\"elementor-widget-wrap elementor-element-populated\">\n\t\t\t\t\t\t<div class=\"elementor-element elementor-element-2099b67 elementor-widget elementor-widget-image\" data-id=\"2099b67\" data-element_type=\"widget\" data-e-type=\"widget\" data-widget_type=\"image.default\">\n\t\t\t\t<div class=\"elementor-widget-container\">\n\t\t\t\t\t\t\t\t\t\t\t\t\t\t\t<img decoding=\"async\" width=\"840\" height=\"197\" src=\"https:\/\/sistemafibra.alexholanda.com.br\/fibra\/wp-content\/uploads\/sites\/6\/2022\/02\/nac_o_que_faz.png\" class=\"attachment-large size-large wp-image-10699\" alt=\"\" srcset=\"https:\/\/sistemafibra.alexholanda.com.br\/fibra\/wp-content\/uploads\/sites\/6\/2022\/02\/nac_o_que_faz.png 840w, https:\/\/sistemafibra.alexholanda.com.br\/fibra\/wp-content\/uploads\/sites\/6\/2022\/02\/nac_o_que_faz-300x70.png 300w, https:\/\/sistemafibra.alexholanda.com.br\/fibra\/wp-content\/uploads\/sites\/6\/2022\/02\/nac_o_que_faz-768x180.png 768w\" sizes=\"(max-width: 840px) 100vw, 840px\" \/>\t\t\t\t\t\t\t\t\t\t\t\t\t\t\t<\/div>\n\t\t\t\t<\/div>\n\t\t\t\t\t<\/div>\n\t\t<\/div>\n\t\t\t\t\t<\/div>\n\t\t<\/section>\n\t\t\t\t<\/div>\n\t\t","protected":false},"excerpt":{"rendered":"<p>Cr\u00e9dito e Financiamento O N\u00facleo de Acesso ao Cr\u00e9dito (NAC) \u00e9 uma rede nacional de acesso ao cr\u00e9dito desenvolvida pela Confedera\u00e7\u00e3o Nacional da Ind\u00fastria (CNI), em parceria com as federa\u00e7\u00f5es de ind\u00fastria de 19 estados e do Distrito Federal. De forma gratuita, o NAC orienta e fornece informa\u00e7\u00f5es para facilitar o acesso ao cr\u00e9dito das [&hellip;]<\/p>\n","protected":false},"author":2,"featured_media":10482,"parent":0,"menu_order":0,"comment_status":"closed","ping_status":"closed","template":"elementor_header_footer","meta":{"_acf_changed":false,"footnotes":""},"tipo_de_conteudo":[],"class_list":["post-10191","page","type-page","status-publish","hentry"],"acf":[],"yoast_head":"<!-- This site is optimized with the Yoast SEO plugin v27.5 - https:\/\/yoast.com\/product\/yoast-seo-wordpress\/ -->\n<title>Cr\u00e9dito e Financiamento - Fibra<\/title>\n<meta name=\"robots\" content=\"index, follow, max-snippet:-1, max-image-preview:large, max-video-preview:-1\" \/>\n<link rel=\"canonical\" href=\"https:\/\/sistemafibra.alexholanda.com.br\/fibra\/credito-financeiro\/\" \/>\n<meta property=\"og:locale\" content=\"pt_BR\" \/>\n<meta property=\"og:type\" content=\"article\" \/>\n<meta property=\"og:title\" content=\"Cr\u00e9dito e Financiamento - Fibra\" \/>\n<meta property=\"og:description\" content=\"Cr\u00e9dito e Financiamento O N\u00facleo de Acesso ao Cr\u00e9dito (NAC) \u00e9 uma rede nacional de acesso ao cr\u00e9dito desenvolvida pela Confedera\u00e7\u00e3o Nacional da Ind\u00fastria (CNI), em parceria com as federa\u00e7\u00f5es de ind\u00fastria de 19 estados e do Distrito Federal. De forma gratuita, o NAC orienta e fornece informa\u00e7\u00f5es para facilitar o acesso ao cr\u00e9dito das [&hellip;]\" \/>\n<meta property=\"og:url\" content=\"https:\/\/sistemafibra.alexholanda.com.br\/fibra\/credito-financeiro\/\" \/>\n<meta property=\"og:site_name\" content=\"Fibra\" \/>\n<meta property=\"article:publisher\" content=\"https:\/\/www.facebook.com\/fibradf\" \/>\n<meta property=\"article:modified_time\" content=\"2022-02-01T13:43:19+00:00\" \/>\n<meta name=\"twitter:card\" content=\"summary_large_image\" \/>\n<meta name=\"twitter:site\" content=\"@fibradf\" \/>\n<meta name=\"twitter:label1\" content=\"Est. tempo de leitura\" \/>\n\t<meta name=\"twitter:data1\" content=\"1 minuto\" \/>\n<script type=\"application\/ld+json\" class=\"yoast-schema-graph\">{\"@context\":\"https:\\\/\\\/schema.org\",\"@graph\":[{\"@type\":\"WebPage\",\"@id\":\"https:\\\/\\\/sistemafibra.alexholanda.com.br\\\/fibra\\\/credito-financeiro\\\/\",\"url\":\"https:\\\/\\\/sistemafibra.alexholanda.com.br\\\/fibra\\\/credito-financeiro\\\/\",\"name\":\"Cr\u00e9dito e Financiamento - Fibra\",\"isPartOf\":{\"@id\":\"https:\\\/\\\/sistemafibra.alexholanda.com.br\\\/fibra\\\/#website\"},\"primaryImageOfPage\":{\"@id\":\"https:\\\/\\\/sistemafibra.alexholanda.com.br\\\/fibra\\\/credito-financeiro\\\/#primaryimage\"},\"image\":{\"@id\":\"https:\\\/\\\/sistemafibra.alexholanda.com.br\\\/fibra\\\/credito-financeiro\\\/#primaryimage\"},\"thumbnailUrl\":\"\",\"datePublished\":\"2021-12-03T17:34:57+00:00\",\"dateModified\":\"2022-02-01T13:43:19+00:00\",\"breadcrumb\":{\"@id\":\"https:\\\/\\\/sistemafibra.alexholanda.com.br\\\/fibra\\\/credito-financeiro\\\/#breadcrumb\"},\"inLanguage\":\"pt-BR\",\"potentialAction\":[{\"@type\":\"ReadAction\",\"target\":[\"https:\\\/\\\/sistemafibra.alexholanda.com.br\\\/fibra\\\/credito-financeiro\\\/\"]}]},{\"@type\":\"ImageObject\",\"inLanguage\":\"pt-BR\",\"@id\":\"https:\\\/\\\/sistemafibra.alexholanda.com.br\\\/fibra\\\/credito-financeiro\\\/#primaryimage\",\"url\":\"\",\"contentUrl\":\"\"},{\"@type\":\"BreadcrumbList\",\"@id\":\"https:\\\/\\\/sistemafibra.alexholanda.com.br\\\/fibra\\\/credito-financeiro\\\/#breadcrumb\",\"itemListElement\":[{\"@type\":\"ListItem\",\"position\":1,\"name\":\"\",\"item\":\"https:\\\/\\\/sistemafibra.alexholanda.com.br\\\/fibra\\\/\"},{\"@type\":\"ListItem\",\"position\":2,\"name\":\"Cr\u00e9dito e Financiamento\"}]},{\"@type\":\"WebSite\",\"@id\":\"https:\\\/\\\/sistemafibra.alexholanda.com.br\\\/fibra\\\/#website\",\"url\":\"https:\\\/\\\/sistemafibra.alexholanda.com.br\\\/fibra\\\/\",\"name\":\"Fibra\",\"description\":\"Nosso novo portal\",\"publisher\":{\"@id\":\"https:\\\/\\\/sistemafibra.alexholanda.com.br\\\/fibra\\\/#organization\"},\"potentialAction\":[{\"@type\":\"SearchAction\",\"target\":{\"@type\":\"EntryPoint\",\"urlTemplate\":\"https:\\\/\\\/sistemafibra.alexholanda.com.br\\\/fibra\\\/?s={search_term_string}\"},\"query-input\":{\"@type\":\"PropertyValueSpecification\",\"valueRequired\":true,\"valueName\":\"search_term_string\"}}],\"inLanguage\":\"pt-BR\"},{\"@type\":\"Organization\",\"@id\":\"https:\\\/\\\/sistemafibra.alexholanda.com.br\\\/fibra\\\/#organization\",\"name\":\"Fibra\",\"url\":\"https:\\\/\\\/sistemafibra.alexholanda.com.br\\\/fibra\\\/\",\"logo\":{\"@type\":\"ImageObject\",\"inLanguage\":\"pt-BR\",\"@id\":\"https:\\\/\\\/sistemafibra.alexholanda.com.br\\\/fibra\\\/#\\\/schema\\\/logo\\\/image\\\/\",\"url\":\"https:\\\/\\\/sistemafibra.alexholanda.com.br\\\/fibra\\\/wp-content\\\/uploads\\\/sites\\\/6\\\/2021\\\/11\\\/logofibra.png\",\"contentUrl\":\"https:\\\/\\\/sistemafibra.alexholanda.com.br\\\/fibra\\\/wp-content\\\/uploads\\\/sites\\\/6\\\/2021\\\/11\\\/logofibra.png\",\"width\":180,\"height\":55,\"caption\":\"Fibra\"},\"image\":{\"@id\":\"https:\\\/\\\/sistemafibra.alexholanda.com.br\\\/fibra\\\/#\\\/schema\\\/logo\\\/image\\\/\"},\"sameAs\":[\"https:\\\/\\\/www.facebook.com\\\/fibradf\",\"https:\\\/\\\/x.com\\\/fibradf\",\"https:\\\/\\\/www.instagram.com\\\/fibra_df\\\/\",\"https:\\\/\\\/www.linkedin.com\\\/company\\\/sistemafibra\\\/\",\"https:\\\/\\\/www.youtube.com\\\/tvfibra\"]}]}<\/script>\n<!-- \/ Yoast SEO plugin. -->","yoast_head_json":{"title":"Cr\u00e9dito e Financiamento - Fibra","robots":{"index":"index","follow":"follow","max-snippet":"max-snippet:-1","max-image-preview":"max-image-preview:large","max-video-preview":"max-video-preview:-1"},"canonical":"https:\/\/sistemafibra.alexholanda.com.br\/fibra\/credito-financeiro\/","og_locale":"pt_BR","og_type":"article","og_title":"Cr\u00e9dito e Financiamento - Fibra","og_description":"Cr\u00e9dito e Financiamento O N\u00facleo de Acesso ao Cr\u00e9dito (NAC) \u00e9 uma rede nacional de acesso ao cr\u00e9dito desenvolvida pela Confedera\u00e7\u00e3o Nacional da Ind\u00fastria (CNI), em parceria com as federa\u00e7\u00f5es de ind\u00fastria de 19 estados e do Distrito Federal. De forma gratuita, o NAC orienta e fornece informa\u00e7\u00f5es para facilitar o acesso ao cr\u00e9dito das [&hellip;]","og_url":"https:\/\/sistemafibra.alexholanda.com.br\/fibra\/credito-financeiro\/","og_site_name":"Fibra","article_publisher":"https:\/\/www.facebook.com\/fibradf","article_modified_time":"2022-02-01T13:43:19+00:00","twitter_card":"summary_large_image","twitter_site":"@fibradf","twitter_misc":{"Est. tempo de leitura":"1 minuto"},"schema":{"@context":"https:\/\/schema.org","@graph":[{"@type":"WebPage","@id":"https:\/\/sistemafibra.alexholanda.com.br\/fibra\/credito-financeiro\/","url":"https:\/\/sistemafibra.alexholanda.com.br\/fibra\/credito-financeiro\/","name":"Cr\u00e9dito e Financiamento - Fibra","isPartOf":{"@id":"https:\/\/sistemafibra.alexholanda.com.br\/fibra\/#website"},"primaryImageOfPage":{"@id":"https:\/\/sistemafibra.alexholanda.com.br\/fibra\/credito-financeiro\/#primaryimage"},"image":{"@id":"https:\/\/sistemafibra.alexholanda.com.br\/fibra\/credito-financeiro\/#primaryimage"},"thumbnailUrl":"","datePublished":"2021-12-03T17:34:57+00:00","dateModified":"2022-02-01T13:43:19+00:00","breadcrumb":{"@id":"https:\/\/sistemafibra.alexholanda.com.br\/fibra\/credito-financeiro\/#breadcrumb"},"inLanguage":"pt-BR","potentialAction":[{"@type":"ReadAction","target":["https:\/\/sistemafibra.alexholanda.com.br\/fibra\/credito-financeiro\/"]}]},{"@type":"ImageObject","inLanguage":"pt-BR","@id":"https:\/\/sistemafibra.alexholanda.com.br\/fibra\/credito-financeiro\/#primaryimage","url":"","contentUrl":""},{"@type":"BreadcrumbList","@id":"https:\/\/sistemafibra.alexholanda.com.br\/fibra\/credito-financeiro\/#breadcrumb","itemListElement":[{"@type":"ListItem","position":1,"name":"","item":"https:\/\/sistemafibra.alexholanda.com.br\/fibra\/"},{"@type":"ListItem","position":2,"name":"Cr\u00e9dito e Financiamento"}]},{"@type":"WebSite","@id":"https:\/\/sistemafibra.alexholanda.com.br\/fibra\/#website","url":"https:\/\/sistemafibra.alexholanda.com.br\/fibra\/","name":"Fibra","description":"Nosso novo portal","publisher":{"@id":"https:\/\/sistemafibra.alexholanda.com.br\/fibra\/#organization"},"potentialAction":[{"@type":"SearchAction","target":{"@type":"EntryPoint","urlTemplate":"https:\/\/sistemafibra.alexholanda.com.br\/fibra\/?s={search_term_string}"},"query-input":{"@type":"PropertyValueSpecification","valueRequired":true,"valueName":"search_term_string"}}],"inLanguage":"pt-BR"},{"@type":"Organization","@id":"https:\/\/sistemafibra.alexholanda.com.br\/fibra\/#organization","name":"Fibra","url":"https:\/\/sistemafibra.alexholanda.com.br\/fibra\/","logo":{"@type":"ImageObject","inLanguage":"pt-BR","@id":"https:\/\/sistemafibra.alexholanda.com.br\/fibra\/#\/schema\/logo\/image\/","url":"https:\/\/sistemafibra.alexholanda.com.br\/fibra\/wp-content\/uploads\/sites\/6\/2021\/11\/logofibra.png","contentUrl":"https:\/\/sistemafibra.alexholanda.com.br\/fibra\/wp-content\/uploads\/sites\/6\/2021\/11\/logofibra.png","width":180,"height":55,"caption":"Fibra"},"image":{"@id":"https:\/\/sistemafibra.alexholanda.com.br\/fibra\/#\/schema\/logo\/image\/"},"sameAs":["https:\/\/www.facebook.com\/fibradf","https:\/\/x.com\/fibradf","https:\/\/www.instagram.com\/fibra_df\/","https:\/\/www.linkedin.com\/company\/sistemafibra\/","https:\/\/www.youtube.com\/tvfibra"]}]}},"_links":{"self":[{"href":"https:\/\/sistemafibra.alexholanda.com.br\/fibra\/wp-json\/wp\/v2\/pages\/10191","targetHints":{"allow":["GET"]}}],"collection":[{"href":"https:\/\/sistemafibra.alexholanda.com.br\/fibra\/wp-json\/wp\/v2\/pages"}],"about":[{"href":"https:\/\/sistemafibra.alexholanda.com.br\/fibra\/wp-json\/wp\/v2\/types\/page"}],"author":[{"embeddable":true,"href":"https:\/\/sistemafibra.alexholanda.com.br\/fibra\/wp-json\/wp\/v2\/users\/2"}],"replies":[{"embeddable":true,"href":"https:\/\/sistemafibra.alexholanda.com.br\/fibra\/wp-json\/wp\/v2\/comments?post=10191"}],"version-history":[{"count":3,"href":"https:\/\/sistemafibra.alexholanda.com.br\/fibra\/wp-json\/wp\/v2\/pages\/10191\/revisions"}],"predecessor-version":[{"id":10702,"href":"https:\/\/sistemafibra.alexholanda.com.br\/fibra\/wp-json\/wp\/v2\/pages\/10191\/revisions\/10702"}],"wp:featuredmedia":[{"embeddable":true,"href":"https:\/\/sistemafibra.alexholanda.com.br\/fibra\/wp-json\/"}],"wp:attachment":[{"href":"https:\/\/sistemafibra.alexholanda.com.br\/fibra\/wp-json\/wp\/v2\/media?parent=10191"}],"wp:term":[{"taxonomy":"tipo_de_conteudo","embeddable":true,"href":"https:\/\/sistemafibra.alexholanda.com.br\/fibra\/wp-json\/wp\/v2\/tipo_de_conteudo?post=10191"}],"curies":[{"name":"wp","href":"https:\/\/api.w.org\/{rel}","templated":true}]}}