{"id":10182,"date":"2021-11-26T17:42:45","date_gmt":"2021-11-26T20:42:45","guid":{"rendered":"https:\/\/sistemafibra.alexholanda.com.br\/fibra\/?page_id=1058"},"modified":"2022-04-19T17:25:18","modified_gmt":"2022-04-19T20:25:18","slug":"sindicatos-sindarcom","status":"publish","type":"page","link":"https:\/\/sistemafibra.alexholanda.com.br\/fibra\/sindicatos-sindarcom\/","title":{"rendered":"Sindarcom"},"content":{"rendered":"\t\t<div data-elementor-type=\"wp-page\" data-elementor-id=\"10182\" class=\"elementor elementor-10182\">\n\t\t\t\t\t\t<section class=\"elementor-section elementor-top-section elementor-element elementor-element-51eefa0 elementor-section-boxed elementor-section-height-default elementor-section-height-default\" data-id=\"51eefa0\" data-element_type=\"section\" data-e-type=\"section\" data-settings=\"{&quot;background_background&quot;:&quot;gradient&quot;}\">\n\t\t\t\t\t\t<div class=\"elementor-container elementor-column-gap-default\">\n\t\t\t\t\t<div class=\"elementor-column elementor-col-100 elementor-top-column elementor-element elementor-element-72c60cf\" data-id=\"72c60cf\" data-element_type=\"column\" data-e-type=\"column\" data-settings=\"{&quot;background_background&quot;:&quot;classic&quot;}\">\n\t\t\t<div class=\"elementor-widget-wrap elementor-element-populated\">\n\t\t\t\t\t\t<div class=\"elementor-element elementor-element-d7f939e elementor-widget elementor-widget-breadcrumbs\" data-id=\"d7f939e\" data-element_type=\"widget\" data-e-type=\"widget\" data-widget_type=\"breadcrumbs.default\">\n\t\t\t\t<div class=\"elementor-widget-container\">\n\t\t\t\t\t<p id=\"breadcrumbs\"><span><span><a href=\"https:\/\/sistemafibra.alexholanda.com.br\/fibra\/\"><i class=\"fas fa-home\"><\/i><\/a><\/span><\/span><\/p>\t\t\t\t<\/div>\n\t\t\t\t<\/div>\n\t\t\t\t\t<\/div>\n\t\t<\/div>\n\t\t\t\t\t<\/div>\n\t\t<\/section>\n\t\t\t\t<section class=\"elementor-section elementor-top-section elementor-element elementor-element-3dbe2c19 elementor-section-boxed elementor-section-height-default elementor-section-height-default\" data-id=\"3dbe2c19\" data-element_type=\"section\" data-e-type=\"section\">\n\t\t\t\t\t\t<div class=\"elementor-container elementor-column-gap-default\">\n\t\t\t\t\t<div class=\"elementor-column elementor-col-50 elementor-top-column elementor-element elementor-element-1cf7b4ad\" data-id=\"1cf7b4ad\" data-element_type=\"column\" data-e-type=\"column\">\n\t\t\t<div class=\"elementor-widget-wrap elementor-element-populated\">\n\t\t\t\t\t\t<div class=\"elementor-element elementor-element-4be62f3e elementor-widget elementor-widget-heading\" data-id=\"4be62f3e\" data-element_type=\"widget\" data-e-type=\"widget\" data-widget_type=\"heading.default\">\n\t\t\t\t<div class=\"elementor-widget-container\">\n\t\t\t\t\t<h1 class=\"elementor-heading-title elementor-size-xl\">Sindicatos<\/h1>\t\t\t\t<\/div>\n\t\t\t\t<\/div>\n\t\t\t\t\t<\/div>\n\t\t<\/div>\n\t\t\t\t<div class=\"elementor-column elementor-col-50 elementor-top-column elementor-element elementor-element-77a52f9f\" data-id=\"77a52f9f\" data-element_type=\"column\" data-e-type=\"column\">\n\t\t\t<div class=\"elementor-widget-wrap elementor-element-populated\">\n\t\t\t\t\t\t<div class=\"elementor-element elementor-element-5c5bd3e8 elementor-widget-divider--view-line elementor-widget elementor-widget-divider\" data-id=\"5c5bd3e8\" data-element_type=\"widget\" data-e-type=\"widget\" data-widget_type=\"divider.default\">\n\t\t\t\t<div class=\"elementor-widget-container\">\n\t\t\t\t\t\t\t<div class=\"elementor-divider\">\n\t\t\t<span class=\"elementor-divider-separator\">\n\t\t\t\t\t\t<\/span>\n\t\t<\/div>\n\t\t\t\t\t\t<\/div>\n\t\t\t\t<\/div>\n\t\t\t\t\t<\/div>\n\t\t<\/div>\n\t\t\t\t\t<\/div>\n\t\t<\/section>\n\t\t\t\t<section class=\"elementor-section elementor-top-section elementor-element elementor-element-877c55d elementor-section-boxed elementor-section-height-default elementor-section-height-default\" data-id=\"877c55d\" data-element_type=\"section\" data-e-type=\"section\">\n\t\t\t\t\t\t<div class=\"elementor-container elementor-column-gap-default\">\n\t\t\t\t\t<div class=\"elementor-column elementor-col-50 elementor-top-column elementor-element elementor-element-102869e7\" data-id=\"102869e7\" data-element_type=\"column\" data-e-type=\"column\">\n\t\t\t<div class=\"elementor-widget-wrap elementor-element-populated\">\n\t\t\t\t\t\t<div class=\"elementor-element elementor-element-53eeb1e1 elementor-widget elementor-widget-image\" data-id=\"53eeb1e1\" data-element_type=\"widget\" data-e-type=\"widget\" data-widget_type=\"image.default\">\n\t\t\t\t<div class=\"elementor-widget-container\">\n\t\t\t\t\t\t\t\t\t\t\t\t\t\t\t<img decoding=\"async\" width=\"230\" height=\"108\" src=\"https:\/\/sistemafibra.alexholanda.com.br\/fibra\/wp-content\/uploads\/sites\/6\/2011\/11\/grqa.jpg\" class=\"attachment-large size-large wp-image-867\" alt=\"grqa\" \/>\t\t\t\t\t\t\t\t\t\t\t\t\t\t\t<\/div>\n\t\t\t\t<\/div>\n\t\t\t\t\t<\/div>\n\t\t<\/div>\n\t\t\t\t<div class=\"elementor-column elementor-col-50 elementor-top-column elementor-element elementor-element-692d586c\" data-id=\"692d586c\" data-element_type=\"column\" data-e-type=\"column\">\n\t\t\t<div class=\"elementor-widget-wrap elementor-element-populated\">\n\t\t\t\t\t\t<div class=\"elementor-element elementor-element-52192247 elementor-widget elementor-widget-text-editor\" data-id=\"52192247\" data-element_type=\"widget\" data-e-type=\"widget\" data-widget_type=\"text-editor.default\">\n\t\t\t\t<div class=\"elementor-widget-container\">\n\t\t\t\t\t\t\t\t\t<p><span style=\"font-size: 14pt;\"><b>SINDARCOM-DF<\/b>\u00a0<\/span><\/p><p><span style=\"font-size: 14pt;\"><br \/>O Sindicato das Ind\u00fastrias de Artefatos, Cimentos, Concretos e M\u00e1rmores do Distrito Federal (Sindarcom-DF) re\u00fane empresas que se dedicam a dar forma ao concreto: tubula\u00e7\u00f5es para drenagem pluvial, pavimenta\u00e7\u00e3o, blocos e coberturas para constru\u00e7\u00f5es, estruturas para galp\u00f5es. A ind\u00fastria dos chamados pr\u00e9-fabricados tem, portanto, forte rela\u00e7\u00e3o com a infraestrutura urbana e rodovi\u00e1ria.\u00a0<\/span><\/p><p><span style=\"font-size: 12pt;\"><br \/>O\u00a0objetivo do sindicato\u00a0\u00e9\u00a0expandir esse segmento industrial, de modo que as empresas de Bras\u00edlia possam atender \u00e0 demanda local por produtos pr\u00e9-fabricados com qualidade e competitividade. O\u00a0Sindarcom-DF\u00a0tem se concentrado em negocia\u00e7\u00f5es com fornecedores de a\u00e7o, cimento e minerais.\u00a0<\/span><\/p><p><span style=\"font-size: 12pt;\"><br \/>Na representa\u00e7\u00e3o da categoria, s\u00e3o atribui\u00e7\u00f5es do\u00a0Sindarcom-DF, entre outras, a condu\u00e7\u00e3o de negocia\u00e7\u00f5es coletivas de trabalho e a colabora\u00e7\u00e3o com o Estado no estudo e na solu\u00e7\u00e3o de problemas relacionados a esse segmento industrial. Aos filiados, o sindicato oferece a oportunidades de participar de cursos e de palestras relacionados \u00e0 atividade empresarial.\u00a0<\/span><\/p><p><span style=\"font-size: 12pt;\"><br \/>A ind\u00fastria de pr\u00e9-moldados contribui para a preserva\u00e7\u00e3o do meio ambiente. Os pavimentos de concreto, por exemplo, s\u00e3o mais perme\u00e1veis do que o asfalto. Os blocos e as telhas de concreto tamb\u00e9m t\u00eam vantagens em rela\u00e7\u00e3o aos que usam a argila como mat\u00e9ria-prima. Isso porque a extra\u00e7\u00e3o da argila em geral \u00e9 feita perto de aqu\u00edferos. As pedreiras, por sua vez, est\u00e3o em \u00e1reas in\u00f3spitas, portanto n\u00e3o amea\u00e7am reservas ou nascentes. As coberturas de concreto, ao contr\u00e1rio das antigas telhas de amianto, n\u00e3o oferecem riscos \u00e0 sa\u00fade.\u00a0<\/span><\/p><p><span style=\"font-size: 12pt;\"><br \/>A sede do\u00a0Sindarcom-DF\u00a0fica no Setor de Ind\u00fastria e Abastecimento: SIA Trecho 4, Lote 1.130, Sala 3, Lado B, Ed.\u00a0Senap\u00a0I (CEP: 71200-042). O telefone \u00e9 (61) 3573-4012 e o e-mail \u00e9 <strong><a href=\"mailto:contato@sindarcon.org.br\">contato@sindarcon.org.br<\/a><\/strong>.\u00a0<\/span><\/p>\t\t\t\t\t\t\t\t<\/div>\n\t\t\t\t<\/div>\n\t\t\t\t\t<\/div>\n\t\t<\/div>\n\t\t\t\t\t<\/div>\n\t\t<\/section>\n\t\t\t\t<section class=\"elementor-section elementor-top-section elementor-element elementor-element-6935ebc elementor-section-boxed elementor-section-height-default elementor-section-height-default\" data-id=\"6935ebc\" data-element_type=\"section\" data-e-type=\"section\">\n\t\t\t\t\t\t<div class=\"elementor-container elementor-column-gap-default\">\n\t\t\t\t\t<div class=\"elementor-column elementor-col-100 elementor-top-column elementor-element elementor-element-5b2c70f\" data-id=\"5b2c70f\" data-element_type=\"column\" data-e-type=\"column\">\n\t\t\t<div class=\"elementor-widget-wrap elementor-element-populated\">\n\t\t\t\t\t\t<div class=\"elementor-element elementor-element-8a16add elementor-widget elementor-widget-image\" data-id=\"8a16add\" data-element_type=\"widget\" data-e-type=\"widget\" data-widget_type=\"image.default\">\n\t\t\t\t<div class=\"elementor-widget-container\">\n\t\t\t\t\t\t\t\t\t\t\t\t\t\t\t<img decoding=\"async\" src=\"https:\/\/sistemafibra.alexholanda.com.br\/fibra\/wp-content\/uploads\/sites\/6\/2021\/11\/SindarcomDF_Presidente.jpg\" title=\"\" alt=\"\" loading=\"lazy\" \/>\t\t\t\t\t\t\t\t\t\t\t\t\t\t\t<\/div>\n\t\t\t\t<\/div>\n\t\t\t\t\t<\/div>\n\t\t<\/div>\n\t\t\t\t\t<\/div>\n\t\t<\/section>\n\t\t\t\t<\/div>\n\t\t","protected":false},"excerpt":{"rendered":"<p>Sindicatos SINDARCOM-DF\u00a0 O Sindicato das Ind\u00fastrias de Artefatos, Cimentos, Concretos e M\u00e1rmores do Distrito Federal (Sindarcom-DF) re\u00fane empresas que se dedicam a dar forma ao concreto: tubula\u00e7\u00f5es para drenagem pluvial, pavimenta\u00e7\u00e3o, blocos e coberturas para constru\u00e7\u00f5es, estruturas para galp\u00f5es. A ind\u00fastria dos chamados pr\u00e9-fabricados tem, portanto, forte rela\u00e7\u00e3o com a infraestrutura urbana e rodovi\u00e1ria.\u00a0 O\u00a0objetivo [&hellip;]<\/p>\n","protected":false},"author":2,"featured_media":0,"parent":0,"menu_order":0,"comment_status":"closed","ping_status":"closed","template":"elementor_header_footer","meta":{"_acf_changed":false,"footnotes":""},"tipo_de_conteudo":[],"class_list":["post-10182","page","type-page","status-publish","hentry"],"acf":[],"yoast_head":"<!-- This site is optimized with the Yoast SEO plugin v27.5 - https:\/\/yoast.com\/product\/yoast-seo-wordpress\/ -->\n<title>Sindarcom - Fibra<\/title>\n<meta name=\"robots\" content=\"index, follow, max-snippet:-1, max-image-preview:large, max-video-preview:-1\" \/>\n<link rel=\"canonical\" href=\"https:\/\/sistemafibra.alexholanda.com.br\/fibra\/sindicatos-sindarcom\/\" \/>\n<meta property=\"og:locale\" content=\"pt_BR\" \/>\n<meta property=\"og:type\" content=\"article\" \/>\n<meta property=\"og:title\" content=\"Sindarcom - Fibra\" \/>\n<meta property=\"og:description\" content=\"Sindicatos SINDARCOM-DF\u00a0 O Sindicato das Ind\u00fastrias de Artefatos, Cimentos, Concretos e M\u00e1rmores do Distrito Federal (Sindarcom-DF) re\u00fane empresas que se dedicam a dar forma ao concreto: tubula\u00e7\u00f5es para drenagem pluvial, pavimenta\u00e7\u00e3o, blocos e coberturas para constru\u00e7\u00f5es, estruturas para galp\u00f5es. A ind\u00fastria dos chamados pr\u00e9-fabricados tem, portanto, forte rela\u00e7\u00e3o com a infraestrutura urbana e rodovi\u00e1ria.\u00a0 O\u00a0objetivo [&hellip;]\" \/>\n<meta property=\"og:url\" content=\"https:\/\/sistemafibra.alexholanda.com.br\/fibra\/sindicatos-sindarcom\/\" \/>\n<meta property=\"og:site_name\" content=\"Fibra\" \/>\n<meta property=\"article:publisher\" content=\"https:\/\/www.facebook.com\/fibradf\" \/>\n<meta property=\"article:modified_time\" content=\"2022-04-19T20:25:18+00:00\" \/>\n<meta property=\"og:image\" content=\"https:\/\/sistemafibra.alexholanda.com.br\/fibra\/wp-content\/uploads\/sites\/6\/2011\/11\/grqa.jpg\" \/>\n<meta name=\"twitter:card\" content=\"summary_large_image\" \/>\n<meta name=\"twitter:site\" content=\"@fibradf\" \/>\n<meta name=\"twitter:label1\" content=\"Est. tempo de leitura\" \/>\n\t<meta name=\"twitter:data1\" content=\"2 minutos\" \/>\n<script type=\"application\/ld+json\" class=\"yoast-schema-graph\">{\"@context\":\"https:\\\/\\\/schema.org\",\"@graph\":[{\"@type\":\"WebPage\",\"@id\":\"https:\\\/\\\/sistemafibra.alexholanda.com.br\\\/fibra\\\/sindicatos-sindarcom\\\/\",\"url\":\"https:\\\/\\\/sistemafibra.alexholanda.com.br\\\/fibra\\\/sindicatos-sindarcom\\\/\",\"name\":\"Sindarcom - Fibra\",\"isPartOf\":{\"@id\":\"https:\\\/\\\/sistemafibra.alexholanda.com.br\\\/fibra\\\/#website\"},\"primaryImageOfPage\":{\"@id\":\"https:\\\/\\\/sistemafibra.alexholanda.com.br\\\/fibra\\\/sindicatos-sindarcom\\\/#primaryimage\"},\"image\":{\"@id\":\"https:\\\/\\\/sistemafibra.alexholanda.com.br\\\/fibra\\\/sindicatos-sindarcom\\\/#primaryimage\"},\"thumbnailUrl\":\"https:\\\/\\\/sistemafibra.alexholanda.com.br\\\/fibra\\\/wp-content\\\/uploads\\\/sites\\\/6\\\/2011\\\/11\\\/grqa.jpg\",\"datePublished\":\"2021-11-26T20:42:45+00:00\",\"dateModified\":\"2022-04-19T20:25:18+00:00\",\"breadcrumb\":{\"@id\":\"https:\\\/\\\/sistemafibra.alexholanda.com.br\\\/fibra\\\/sindicatos-sindarcom\\\/#breadcrumb\"},\"inLanguage\":\"pt-BR\",\"potentialAction\":[{\"@type\":\"ReadAction\",\"target\":[\"https:\\\/\\\/sistemafibra.alexholanda.com.br\\\/fibra\\\/sindicatos-sindarcom\\\/\"]}]},{\"@type\":\"ImageObject\",\"inLanguage\":\"pt-BR\",\"@id\":\"https:\\\/\\\/sistemafibra.alexholanda.com.br\\\/fibra\\\/sindicatos-sindarcom\\\/#primaryimage\",\"url\":\"https:\\\/\\\/sistemafibra.alexholanda.com.br\\\/fibra\\\/wp-content\\\/uploads\\\/sites\\\/6\\\/2011\\\/11\\\/grqa.jpg\",\"contentUrl\":\"https:\\\/\\\/sistemafibra.alexholanda.com.br\\\/fibra\\\/wp-content\\\/uploads\\\/sites\\\/6\\\/2011\\\/11\\\/grqa.jpg\",\"width\":230,\"height\":108,\"caption\":\"grqa\"},{\"@type\":\"BreadcrumbList\",\"@id\":\"https:\\\/\\\/sistemafibra.alexholanda.com.br\\\/fibra\\\/sindicatos-sindarcom\\\/#breadcrumb\",\"itemListElement\":[{\"@type\":\"ListItem\",\"position\":1,\"name\":\"\",\"item\":\"https:\\\/\\\/sistemafibra.alexholanda.com.br\\\/fibra\\\/\"},{\"@type\":\"ListItem\",\"position\":2,\"name\":\"Sindarcom\"}]},{\"@type\":\"WebSite\",\"@id\":\"https:\\\/\\\/sistemafibra.alexholanda.com.br\\\/fibra\\\/#website\",\"url\":\"https:\\\/\\\/sistemafibra.alexholanda.com.br\\\/fibra\\\/\",\"name\":\"Fibra\",\"description\":\"Nosso novo portal\",\"publisher\":{\"@id\":\"https:\\\/\\\/sistemafibra.alexholanda.com.br\\\/fibra\\\/#organization\"},\"potentialAction\":[{\"@type\":\"SearchAction\",\"target\":{\"@type\":\"EntryPoint\",\"urlTemplate\":\"https:\\\/\\\/sistemafibra.alexholanda.com.br\\\/fibra\\\/?s={search_term_string}\"},\"query-input\":{\"@type\":\"PropertyValueSpecification\",\"valueRequired\":true,\"valueName\":\"search_term_string\"}}],\"inLanguage\":\"pt-BR\"},{\"@type\":\"Organization\",\"@id\":\"https:\\\/\\\/sistemafibra.alexholanda.com.br\\\/fibra\\\/#organization\",\"name\":\"Fibra\",\"url\":\"https:\\\/\\\/sistemafibra.alexholanda.com.br\\\/fibra\\\/\",\"logo\":{\"@type\":\"ImageObject\",\"inLanguage\":\"pt-BR\",\"@id\":\"https:\\\/\\\/sistemafibra.alexholanda.com.br\\\/fibra\\\/#\\\/schema\\\/logo\\\/image\\\/\",\"url\":\"https:\\\/\\\/sistemafibra.alexholanda.com.br\\\/fibra\\\/wp-content\\\/uploads\\\/sites\\\/6\\\/2021\\\/11\\\/logofibra.png\",\"contentUrl\":\"https:\\\/\\\/sistemafibra.alexholanda.com.br\\\/fibra\\\/wp-content\\\/uploads\\\/sites\\\/6\\\/2021\\\/11\\\/logofibra.png\",\"width\":180,\"height\":55,\"caption\":\"Fibra\"},\"image\":{\"@id\":\"https:\\\/\\\/sistemafibra.alexholanda.com.br\\\/fibra\\\/#\\\/schema\\\/logo\\\/image\\\/\"},\"sameAs\":[\"https:\\\/\\\/www.facebook.com\\\/fibradf\",\"https:\\\/\\\/x.com\\\/fibradf\",\"https:\\\/\\\/www.instagram.com\\\/fibra_df\\\/\",\"https:\\\/\\\/www.linkedin.com\\\/company\\\/sistemafibra\\\/\",\"https:\\\/\\\/www.youtube.com\\\/tvfibra\"]}]}<\/script>\n<!-- \/ Yoast SEO plugin. -->","yoast_head_json":{"title":"Sindarcom - Fibra","robots":{"index":"index","follow":"follow","max-snippet":"max-snippet:-1","max-image-preview":"max-image-preview:large","max-video-preview":"max-video-preview:-1"},"canonical":"https:\/\/sistemafibra.alexholanda.com.br\/fibra\/sindicatos-sindarcom\/","og_locale":"pt_BR","og_type":"article","og_title":"Sindarcom - Fibra","og_description":"Sindicatos SINDARCOM-DF\u00a0 O Sindicato das Ind\u00fastrias de Artefatos, Cimentos, Concretos e M\u00e1rmores do Distrito Federal (Sindarcom-DF) re\u00fane empresas que se dedicam a dar forma ao concreto: tubula\u00e7\u00f5es para drenagem pluvial, pavimenta\u00e7\u00e3o, blocos e coberturas para constru\u00e7\u00f5es, estruturas para galp\u00f5es. A ind\u00fastria dos chamados pr\u00e9-fabricados tem, portanto, forte rela\u00e7\u00e3o com a infraestrutura urbana e rodovi\u00e1ria.\u00a0 O\u00a0objetivo [&hellip;]","og_url":"https:\/\/sistemafibra.alexholanda.com.br\/fibra\/sindicatos-sindarcom\/","og_site_name":"Fibra","article_publisher":"https:\/\/www.facebook.com\/fibradf","article_modified_time":"2022-04-19T20:25:18+00:00","og_image":[{"url":"https:\/\/sistemafibra.alexholanda.com.br\/fibra\/wp-content\/uploads\/sites\/6\/2011\/11\/grqa.jpg","type":"","width":"","height":""}],"twitter_card":"summary_large_image","twitter_site":"@fibradf","twitter_misc":{"Est. tempo de leitura":"2 minutos"},"schema":{"@context":"https:\/\/schema.org","@graph":[{"@type":"WebPage","@id":"https:\/\/sistemafibra.alexholanda.com.br\/fibra\/sindicatos-sindarcom\/","url":"https:\/\/sistemafibra.alexholanda.com.br\/fibra\/sindicatos-sindarcom\/","name":"Sindarcom - Fibra","isPartOf":{"@id":"https:\/\/sistemafibra.alexholanda.com.br\/fibra\/#website"},"primaryImageOfPage":{"@id":"https:\/\/sistemafibra.alexholanda.com.br\/fibra\/sindicatos-sindarcom\/#primaryimage"},"image":{"@id":"https:\/\/sistemafibra.alexholanda.com.br\/fibra\/sindicatos-sindarcom\/#primaryimage"},"thumbnailUrl":"https:\/\/sistemafibra.alexholanda.com.br\/fibra\/wp-content\/uploads\/sites\/6\/2011\/11\/grqa.jpg","datePublished":"2021-11-26T20:42:45+00:00","dateModified":"2022-04-19T20:25:18+00:00","breadcrumb":{"@id":"https:\/\/sistemafibra.alexholanda.com.br\/fibra\/sindicatos-sindarcom\/#breadcrumb"},"inLanguage":"pt-BR","potentialAction":[{"@type":"ReadAction","target":["https:\/\/sistemafibra.alexholanda.com.br\/fibra\/sindicatos-sindarcom\/"]}]},{"@type":"ImageObject","inLanguage":"pt-BR","@id":"https:\/\/sistemafibra.alexholanda.com.br\/fibra\/sindicatos-sindarcom\/#primaryimage","url":"https:\/\/sistemafibra.alexholanda.com.br\/fibra\/wp-content\/uploads\/sites\/6\/2011\/11\/grqa.jpg","contentUrl":"https:\/\/sistemafibra.alexholanda.com.br\/fibra\/wp-content\/uploads\/sites\/6\/2011\/11\/grqa.jpg","width":230,"height":108,"caption":"grqa"},{"@type":"BreadcrumbList","@id":"https:\/\/sistemafibra.alexholanda.com.br\/fibra\/sindicatos-sindarcom\/#breadcrumb","itemListElement":[{"@type":"ListItem","position":1,"name":"","item":"https:\/\/sistemafibra.alexholanda.com.br\/fibra\/"},{"@type":"ListItem","position":2,"name":"Sindarcom"}]},{"@type":"WebSite","@id":"https:\/\/sistemafibra.alexholanda.com.br\/fibra\/#website","url":"https:\/\/sistemafibra.alexholanda.com.br\/fibra\/","name":"Fibra","description":"Nosso novo portal","publisher":{"@id":"https:\/\/sistemafibra.alexholanda.com.br\/fibra\/#organization"},"potentialAction":[{"@type":"SearchAction","target":{"@type":"EntryPoint","urlTemplate":"https:\/\/sistemafibra.alexholanda.com.br\/fibra\/?s={search_term_string}"},"query-input":{"@type":"PropertyValueSpecification","valueRequired":true,"valueName":"search_term_string"}}],"inLanguage":"pt-BR"},{"@type":"Organization","@id":"https:\/\/sistemafibra.alexholanda.com.br\/fibra\/#organization","name":"Fibra","url":"https:\/\/sistemafibra.alexholanda.com.br\/fibra\/","logo":{"@type":"ImageObject","inLanguage":"pt-BR","@id":"https:\/\/sistemafibra.alexholanda.com.br\/fibra\/#\/schema\/logo\/image\/","url":"https:\/\/sistemafibra.alexholanda.com.br\/fibra\/wp-content\/uploads\/sites\/6\/2021\/11\/logofibra.png","contentUrl":"https:\/\/sistemafibra.alexholanda.com.br\/fibra\/wp-content\/uploads\/sites\/6\/2021\/11\/logofibra.png","width":180,"height":55,"caption":"Fibra"},"image":{"@id":"https:\/\/sistemafibra.alexholanda.com.br\/fibra\/#\/schema\/logo\/image\/"},"sameAs":["https:\/\/www.facebook.com\/fibradf","https:\/\/x.com\/fibradf","https:\/\/www.instagram.com\/fibra_df\/","https:\/\/www.linkedin.com\/company\/sistemafibra\/","https:\/\/www.youtube.com\/tvfibra"]}]}},"_links":{"self":[{"href":"https:\/\/sistemafibra.alexholanda.com.br\/fibra\/wp-json\/wp\/v2\/pages\/10182","targetHints":{"allow":["GET"]}}],"collection":[{"href":"https:\/\/sistemafibra.alexholanda.com.br\/fibra\/wp-json\/wp\/v2\/pages"}],"about":[{"href":"https:\/\/sistemafibra.alexholanda.com.br\/fibra\/wp-json\/wp\/v2\/types\/page"}],"author":[{"embeddable":true,"href":"https:\/\/sistemafibra.alexholanda.com.br\/fibra\/wp-json\/wp\/v2\/users\/2"}],"replies":[{"embeddable":true,"href":"https:\/\/sistemafibra.alexholanda.com.br\/fibra\/wp-json\/wp\/v2\/comments?post=10182"}],"version-history":[{"count":3,"href":"https:\/\/sistemafibra.alexholanda.com.br\/fibra\/wp-json\/wp\/v2\/pages\/10182\/revisions"}],"predecessor-version":[{"id":11884,"href":"https:\/\/sistemafibra.alexholanda.com.br\/fibra\/wp-json\/wp\/v2\/pages\/10182\/revisions\/11884"}],"wp:attachment":[{"href":"https:\/\/sistemafibra.alexholanda.com.br\/fibra\/wp-json\/wp\/v2\/media?parent=10182"}],"wp:term":[{"taxonomy":"tipo_de_conteudo","embeddable":true,"href":"https:\/\/sistemafibra.alexholanda.com.br\/fibra\/wp-json\/wp\/v2\/tipo_de_conteudo?post=10182"}],"curies":[{"name":"wp","href":"https:\/\/api.w.org\/{rel}","templated":true}]}}