{"id":10179,"date":"2021-11-26T17:45:31","date_gmt":"2021-11-26T20:45:31","guid":{"rendered":"https:\/\/sistemafibra.alexholanda.com.br\/fibra\/?page_id=1055"},"modified":"2022-04-25T04:08:08","modified_gmt":"2022-04-25T07:08:08","slug":"sindicatos-sinfor","status":"publish","type":"page","link":"https:\/\/sistemafibra.alexholanda.com.br\/fibra\/sindicatos-sinfor\/","title":{"rendered":"Sinfor"},"content":{"rendered":"\t\t<div data-elementor-type=\"wp-page\" data-elementor-id=\"10179\" class=\"elementor elementor-10179\">\n\t\t\t\t\t\t<section class=\"elementor-section elementor-top-section elementor-element elementor-element-7a07094 elementor-section-boxed elementor-section-height-default elementor-section-height-default\" data-id=\"7a07094\" data-element_type=\"section\" data-e-type=\"section\" data-settings=\"{&quot;background_background&quot;:&quot;gradient&quot;}\">\n\t\t\t\t\t\t<div class=\"elementor-container elementor-column-gap-default\">\n\t\t\t\t\t<div class=\"elementor-column elementor-col-100 elementor-top-column elementor-element elementor-element-0a94ea0\" data-id=\"0a94ea0\" data-element_type=\"column\" data-e-type=\"column\" data-settings=\"{&quot;background_background&quot;:&quot;classic&quot;}\">\n\t\t\t<div class=\"elementor-widget-wrap elementor-element-populated\">\n\t\t\t\t\t\t<div class=\"elementor-element elementor-element-a64ad3a elementor-widget elementor-widget-breadcrumbs\" data-id=\"a64ad3a\" data-element_type=\"widget\" data-e-type=\"widget\" data-widget_type=\"breadcrumbs.default\">\n\t\t\t\t<div class=\"elementor-widget-container\">\n\t\t\t\t\t<p id=\"breadcrumbs\"><span><span><a href=\"https:\/\/sistemafibra.alexholanda.com.br\/fibra\/\"><i class=\"fas fa-home\"><\/i><\/a><\/span><\/span><\/p>\t\t\t\t<\/div>\n\t\t\t\t<\/div>\n\t\t\t\t\t<\/div>\n\t\t<\/div>\n\t\t\t\t\t<\/div>\n\t\t<\/section>\n\t\t\t\t<section class=\"elementor-section elementor-top-section elementor-element elementor-element-707721fb elementor-section-boxed elementor-section-height-default elementor-section-height-default\" data-id=\"707721fb\" data-element_type=\"section\" data-e-type=\"section\">\n\t\t\t\t\t\t<div class=\"elementor-container elementor-column-gap-default\">\n\t\t\t\t\t<div class=\"elementor-column elementor-col-50 elementor-top-column elementor-element elementor-element-55cc3882\" data-id=\"55cc3882\" data-element_type=\"column\" data-e-type=\"column\">\n\t\t\t<div class=\"elementor-widget-wrap elementor-element-populated\">\n\t\t\t\t\t\t<div class=\"elementor-element elementor-element-11991e9 elementor-widget elementor-widget-heading\" data-id=\"11991e9\" data-element_type=\"widget\" data-e-type=\"widget\" data-widget_type=\"heading.default\">\n\t\t\t\t<div class=\"elementor-widget-container\">\n\t\t\t\t\t<h1 class=\"elementor-heading-title elementor-size-xl\">Sindicatos<\/h1>\t\t\t\t<\/div>\n\t\t\t\t<\/div>\n\t\t\t\t\t<\/div>\n\t\t<\/div>\n\t\t\t\t<div class=\"elementor-column elementor-col-50 elementor-top-column elementor-element elementor-element-75f90972\" data-id=\"75f90972\" data-element_type=\"column\" data-e-type=\"column\">\n\t\t\t<div class=\"elementor-widget-wrap elementor-element-populated\">\n\t\t\t\t\t\t<div class=\"elementor-element elementor-element-580f33db elementor-widget-divider--view-line elementor-widget elementor-widget-divider\" data-id=\"580f33db\" data-element_type=\"widget\" data-e-type=\"widget\" data-widget_type=\"divider.default\">\n\t\t\t\t<div class=\"elementor-widget-container\">\n\t\t\t\t\t\t\t<div class=\"elementor-divider\">\n\t\t\t<span class=\"elementor-divider-separator\">\n\t\t\t\t\t\t<\/span>\n\t\t<\/div>\n\t\t\t\t\t\t<\/div>\n\t\t\t\t<\/div>\n\t\t\t\t\t<\/div>\n\t\t<\/div>\n\t\t\t\t\t<\/div>\n\t\t<\/section>\n\t\t\t\t<section class=\"elementor-section elementor-top-section elementor-element elementor-element-27fb4942 elementor-section-boxed elementor-section-height-default elementor-section-height-default\" data-id=\"27fb4942\" data-element_type=\"section\" data-e-type=\"section\">\n\t\t\t\t\t\t<div class=\"elementor-container elementor-column-gap-default\">\n\t\t\t\t\t<div class=\"elementor-column elementor-col-50 elementor-top-column elementor-element elementor-element-749db7c\" data-id=\"749db7c\" data-element_type=\"column\" data-e-type=\"column\">\n\t\t\t<div class=\"elementor-widget-wrap elementor-element-populated\">\n\t\t\t\t\t\t<div class=\"elementor-element elementor-element-335ca7a1 elementor-widget elementor-widget-image\" data-id=\"335ca7a1\" data-element_type=\"widget\" data-e-type=\"widget\" data-widget_type=\"image.default\">\n\t\t\t\t<div class=\"elementor-widget-container\">\n\t\t\t\t\t\t\t\t\t\t\t\t\t\t\t<img decoding=\"async\" width=\"230\" height=\"108\" src=\"https:\/\/sistemafibra.alexholanda.com.br\/fibra\/wp-content\/uploads\/sites\/6\/2011\/12\/dumb.jpg\" class=\"attachment-large size-large wp-image-881\" alt=\"dumb\" \/>\t\t\t\t\t\t\t\t\t\t\t\t\t\t\t<\/div>\n\t\t\t\t<\/div>\n\t\t\t\t\t<\/div>\n\t\t<\/div>\n\t\t\t\t<div class=\"elementor-column elementor-col-50 elementor-top-column elementor-element elementor-element-5489f95f\" data-id=\"5489f95f\" data-element_type=\"column\" data-e-type=\"column\">\n\t\t\t<div class=\"elementor-widget-wrap elementor-element-populated\">\n\t\t\t\t\t\t<div class=\"elementor-element elementor-element-3d1d8aad elementor-widget elementor-widget-text-editor\" data-id=\"3d1d8aad\" data-element_type=\"widget\" data-e-type=\"widget\" data-widget_type=\"text-editor.default\">\n\t\t\t\t<div class=\"elementor-widget-container\">\n\t\t\t\t\t\t\t\t\t<p><span style=\"font-size: 14pt;\"><b>SINFOR-DF<\/b>\u00a0<br \/><\/span><a href=\"https:\/\/sistemafibra.alexholanda.com.br\/fibra\/teste-crumb\/\">teste<\/a><\/p><p><span style=\"font-size: 14pt;\">O Sindicato das Ind\u00fastrias da Informa\u00e7\u00e3o do Distrito Federal (Sinfor-DF) \u00e9 entidade, sem fins lucrativos, dedicada a fortalecer as empresas de Tecnologia da Informa\u00e7\u00e3o e Comunica\u00e7\u00e3o (TIC) da Capital Federal. O Sinfor-DF aposta em a\u00e7\u00f5es de incentivo \u00e0 pesquisa, ao desenvolvimento de produtos e servi\u00e7os de alta qualidade e \u00e0 inova\u00e7\u00e3o, com vistas a evidenciar a participa\u00e7\u00e3o do setor na matriz econ\u00f4mica local e torn\u00e1-lo refer\u00eancia nacional e internacional.\u00a0<\/span><\/p><p><span style=\"font-size: 12pt;\"><br \/>Criado em 1988, o Sindicato atua junto \u00e0s autoridades\u00a0governamentais e a\u00a0institui\u00e7\u00f5es p\u00fablicas e privadas parceiras no desenvolvimento de estrat\u00e9gias para o crescimento industrial do DF.\u00a0A\u00a0miss\u00e3o \u00e9 representar as empresas de Tecnologia da Informa\u00e7\u00e3o e Comunica\u00e7\u00e3o do Distrito Federal, promovendo a\u00e7\u00f5es de interesse coletivo, em especial de seus associados, e estimular o desenvolvimento do setor na regi\u00e3o. Al\u00e9m disso,\u00a0a entidade\u00a0busca ser a entidade empresarial l\u00edder do setor de Tecnologia da Informa\u00e7\u00e3o e Comunica\u00e7\u00e3o no Distrito Federal.\u00a0<\/span><\/p><p><span style=\"font-size: 12pt;\"><br \/>Entre as a\u00e7\u00f5es empreendidas pelo sindicato destacam-se: Apoio e acompanhamento a projetos de lei em defesa das empresas do setor de TI junto \u00e0 C\u00e2mara Legislativa; Lei de Incentivo ao Software Nacional; Participa\u00e7\u00e3o no F\u00f3rum de Competitividade do Minist\u00e9rio do Desenvolvimento, Ind\u00fastria e Com\u00e9rcio Exterior, com o objetivo de reduzir a carga tribut\u00e1ria do setor,\u00a0otimizar\u00a0o enquadramento no SIMPLES, bem como buscar investimentos para atualiza\u00e7\u00e3o e qualifica\u00e7\u00e3o de m\u00e3o de obra; Negocia\u00e7\u00e3o da Conven\u00e7\u00e3o Coletiva de Trabalho, em ocasi\u00e3o da data base dos trabalhadores, juntamente com o Sindicato laboral do segmento \u2013 STIMMME; e Defesa constante de melhores \u00edndices salariais, harmonia na rela\u00e7\u00e3o entre empregado e empregados para a negocia\u00e7\u00e3o da Conven\u00e7\u00e3o Coletiva de Trabalho.\u00a0<\/span><\/p><p><span style=\"font-size: 12pt;\"><br \/>A sede do\u00a0Sinfor-DF\u00a0fica no endere\u00e7o: SCN Quadra 01, Bloco E, Sala 1512 \u2013 15\u00ba andar \u2013 Ed. Central Park \u2013 Bras\u00edlia\/DF. Para mais informa\u00e7\u00f5es sobre o trabalho desenvolvido pela entidade, entre em contato com a equipe pelos telefones (61) 3233-1439 e (61) 3234-4166, ou pelo e-mail <strong><a href=\"mailto:sinfor@sinfor.org.br\">sinfor@sinfor.org.br<\/a><\/strong>. Tamb\u00e9m est\u00e1 dispon\u00edvel o portal\u00a0<strong><a href=\"http:\/\/www.sinfor.org.br\/\">www.sinfor.org.br<\/a><\/strong>.\u00a0<\/span><\/p>\t\t\t\t\t\t\t\t<\/div>\n\t\t\t\t<\/div>\n\t\t\t\t\t<\/div>\n\t\t<\/div>\n\t\t\t\t\t<\/div>\n\t\t<\/section>\n\t\t\t\t<section class=\"elementor-section elementor-top-section elementor-element elementor-element-2f6581b elementor-section-boxed elementor-section-height-default elementor-section-height-default\" data-id=\"2f6581b\" data-element_type=\"section\" data-e-type=\"section\">\n\t\t\t\t\t\t<div class=\"elementor-container elementor-column-gap-default\">\n\t\t\t\t\t<div class=\"elementor-column elementor-col-100 elementor-top-column elementor-element elementor-element-88549de\" data-id=\"88549de\" data-element_type=\"column\" data-e-type=\"column\">\n\t\t\t<div class=\"elementor-widget-wrap elementor-element-populated\">\n\t\t\t\t\t\t<div class=\"elementor-element elementor-element-6592d4ba elementor-widget elementor-widget-image\" data-id=\"6592d4ba\" data-element_type=\"widget\" data-e-type=\"widget\" data-widget_type=\"image.default\">\n\t\t\t\t<div class=\"elementor-widget-container\">\n\t\t\t\t\t\t\t\t\t\t\t\t\t\t\t<img fetchpriority=\"high\" decoding=\"async\" width=\"356\" height=\"236\" src=\"https:\/\/sistemafibra.alexholanda.com.br\/fibra\/wp-content\/uploads\/sites\/6\/2011\/12\/bobo.jpg\" class=\"attachment-large size-large wp-image-882\" alt=\"bobo\" srcset=\"https:\/\/sistemafibra.alexholanda.com.br\/fibra\/wp-content\/uploads\/sites\/6\/2011\/12\/bobo.jpg 356w, https:\/\/sistemafibra.alexholanda.com.br\/fibra\/wp-content\/uploads\/sites\/6\/2011\/12\/bobo-300x199.jpg 300w\" sizes=\"(max-width: 356px) 100vw, 356px\" \/>\t\t\t\t\t\t\t\t\t\t\t\t\t\t\t<\/div>\n\t\t\t\t<\/div>\n\t\t\t\t\t<\/div>\n\t\t<\/div>\n\t\t\t\t\t<\/div>\n\t\t<\/section>\n\t\t\t\t<\/div>\n\t\t","protected":false},"excerpt":{"rendered":"<p>Sindicatos SINFOR-DF\u00a0teste O Sindicato das Ind\u00fastrias da Informa\u00e7\u00e3o do Distrito Federal (Sinfor-DF) \u00e9 entidade, sem fins lucrativos, dedicada a fortalecer as empresas de Tecnologia da Informa\u00e7\u00e3o e Comunica\u00e7\u00e3o (TIC) da Capital Federal. O Sinfor-DF aposta em a\u00e7\u00f5es de incentivo \u00e0 pesquisa, ao desenvolvimento de produtos e servi\u00e7os de alta qualidade e \u00e0 inova\u00e7\u00e3o, com vistas [&hellip;]<\/p>\n","protected":false},"author":2,"featured_media":0,"parent":0,"menu_order":0,"comment_status":"closed","ping_status":"closed","template":"elementor_header_footer","meta":{"_acf_changed":false,"footnotes":""},"tipo_de_conteudo":[],"class_list":["post-10179","page","type-page","status-publish","hentry"],"acf":[],"yoast_head":"<!-- This site is optimized with the Yoast SEO plugin v27.5 - https:\/\/yoast.com\/product\/yoast-seo-wordpress\/ -->\n<title>Sinfor - Fibra<\/title>\n<meta name=\"robots\" content=\"index, follow, max-snippet:-1, max-image-preview:large, max-video-preview:-1\" \/>\n<link rel=\"canonical\" href=\"https:\/\/sistemafibra.alexholanda.com.br\/fibra\/sindicatos-sinfor\/\" \/>\n<meta property=\"og:locale\" content=\"pt_BR\" \/>\n<meta property=\"og:type\" content=\"article\" \/>\n<meta property=\"og:title\" content=\"Sinfor - Fibra\" \/>\n<meta property=\"og:description\" content=\"Sindicatos SINFOR-DF\u00a0teste O Sindicato das Ind\u00fastrias da Informa\u00e7\u00e3o do Distrito Federal (Sinfor-DF) \u00e9 entidade, sem fins lucrativos, dedicada a fortalecer as empresas de Tecnologia da Informa\u00e7\u00e3o e Comunica\u00e7\u00e3o (TIC) da Capital Federal. O Sinfor-DF aposta em a\u00e7\u00f5es de incentivo \u00e0 pesquisa, ao desenvolvimento de produtos e servi\u00e7os de alta qualidade e \u00e0 inova\u00e7\u00e3o, com vistas [&hellip;]\" \/>\n<meta property=\"og:url\" content=\"https:\/\/sistemafibra.alexholanda.com.br\/fibra\/sindicatos-sinfor\/\" \/>\n<meta property=\"og:site_name\" content=\"Fibra\" \/>\n<meta property=\"article:publisher\" content=\"https:\/\/www.facebook.com\/fibradf\" \/>\n<meta property=\"article:modified_time\" content=\"2022-04-25T07:08:08+00:00\" \/>\n<meta property=\"og:image\" content=\"https:\/\/sistemafibra.alexholanda.com.br\/fibra\/wp-content\/uploads\/sites\/6\/2011\/12\/dumb.jpg\" \/>\n<meta name=\"twitter:card\" content=\"summary_large_image\" \/>\n<meta name=\"twitter:site\" content=\"@fibradf\" \/>\n<meta name=\"twitter:label1\" content=\"Est. tempo de leitura\" \/>\n\t<meta name=\"twitter:data1\" content=\"3 minutos\" \/>\n<script type=\"application\/ld+json\" class=\"yoast-schema-graph\">{\"@context\":\"https:\\\/\\\/schema.org\",\"@graph\":[{\"@type\":\"WebPage\",\"@id\":\"https:\\\/\\\/sistemafibra.alexholanda.com.br\\\/fibra\\\/sindicatos-sinfor\\\/\",\"url\":\"https:\\\/\\\/sistemafibra.alexholanda.com.br\\\/fibra\\\/sindicatos-sinfor\\\/\",\"name\":\"Sinfor - Fibra\",\"isPartOf\":{\"@id\":\"https:\\\/\\\/sistemafibra.alexholanda.com.br\\\/fibra\\\/#website\"},\"primaryImageOfPage\":{\"@id\":\"https:\\\/\\\/sistemafibra.alexholanda.com.br\\\/fibra\\\/sindicatos-sinfor\\\/#primaryimage\"},\"image\":{\"@id\":\"https:\\\/\\\/sistemafibra.alexholanda.com.br\\\/fibra\\\/sindicatos-sinfor\\\/#primaryimage\"},\"thumbnailUrl\":\"https:\\\/\\\/sistemafibra.alexholanda.com.br\\\/fibra\\\/wp-content\\\/uploads\\\/sites\\\/6\\\/2011\\\/12\\\/dumb.jpg\",\"datePublished\":\"2021-11-26T20:45:31+00:00\",\"dateModified\":\"2022-04-25T07:08:08+00:00\",\"breadcrumb\":{\"@id\":\"https:\\\/\\\/sistemafibra.alexholanda.com.br\\\/fibra\\\/sindicatos-sinfor\\\/#breadcrumb\"},\"inLanguage\":\"pt-BR\",\"potentialAction\":[{\"@type\":\"ReadAction\",\"target\":[\"https:\\\/\\\/sistemafibra.alexholanda.com.br\\\/fibra\\\/sindicatos-sinfor\\\/\"]}]},{\"@type\":\"ImageObject\",\"inLanguage\":\"pt-BR\",\"@id\":\"https:\\\/\\\/sistemafibra.alexholanda.com.br\\\/fibra\\\/sindicatos-sinfor\\\/#primaryimage\",\"url\":\"https:\\\/\\\/sistemafibra.alexholanda.com.br\\\/fibra\\\/wp-content\\\/uploads\\\/sites\\\/6\\\/2011\\\/12\\\/dumb.jpg\",\"contentUrl\":\"https:\\\/\\\/sistemafibra.alexholanda.com.br\\\/fibra\\\/wp-content\\\/uploads\\\/sites\\\/6\\\/2011\\\/12\\\/dumb.jpg\",\"width\":230,\"height\":108,\"caption\":\"dumb\"},{\"@type\":\"BreadcrumbList\",\"@id\":\"https:\\\/\\\/sistemafibra.alexholanda.com.br\\\/fibra\\\/sindicatos-sinfor\\\/#breadcrumb\",\"itemListElement\":[{\"@type\":\"ListItem\",\"position\":1,\"name\":\"\",\"item\":\"https:\\\/\\\/sistemafibra.alexholanda.com.br\\\/fibra\\\/\"},{\"@type\":\"ListItem\",\"position\":2,\"name\":\"Sinfor\"}]},{\"@type\":\"WebSite\",\"@id\":\"https:\\\/\\\/sistemafibra.alexholanda.com.br\\\/fibra\\\/#website\",\"url\":\"https:\\\/\\\/sistemafibra.alexholanda.com.br\\\/fibra\\\/\",\"name\":\"Fibra\",\"description\":\"Nosso novo portal\",\"publisher\":{\"@id\":\"https:\\\/\\\/sistemafibra.alexholanda.com.br\\\/fibra\\\/#organization\"},\"potentialAction\":[{\"@type\":\"SearchAction\",\"target\":{\"@type\":\"EntryPoint\",\"urlTemplate\":\"https:\\\/\\\/sistemafibra.alexholanda.com.br\\\/fibra\\\/?s={search_term_string}\"},\"query-input\":{\"@type\":\"PropertyValueSpecification\",\"valueRequired\":true,\"valueName\":\"search_term_string\"}}],\"inLanguage\":\"pt-BR\"},{\"@type\":\"Organization\",\"@id\":\"https:\\\/\\\/sistemafibra.alexholanda.com.br\\\/fibra\\\/#organization\",\"name\":\"Fibra\",\"url\":\"https:\\\/\\\/sistemafibra.alexholanda.com.br\\\/fibra\\\/\",\"logo\":{\"@type\":\"ImageObject\",\"inLanguage\":\"pt-BR\",\"@id\":\"https:\\\/\\\/sistemafibra.alexholanda.com.br\\\/fibra\\\/#\\\/schema\\\/logo\\\/image\\\/\",\"url\":\"https:\\\/\\\/sistemafibra.alexholanda.com.br\\\/fibra\\\/wp-content\\\/uploads\\\/sites\\\/6\\\/2021\\\/11\\\/logofibra.png\",\"contentUrl\":\"https:\\\/\\\/sistemafibra.alexholanda.com.br\\\/fibra\\\/wp-content\\\/uploads\\\/sites\\\/6\\\/2021\\\/11\\\/logofibra.png\",\"width\":180,\"height\":55,\"caption\":\"Fibra\"},\"image\":{\"@id\":\"https:\\\/\\\/sistemafibra.alexholanda.com.br\\\/fibra\\\/#\\\/schema\\\/logo\\\/image\\\/\"},\"sameAs\":[\"https:\\\/\\\/www.facebook.com\\\/fibradf\",\"https:\\\/\\\/x.com\\\/fibradf\",\"https:\\\/\\\/www.instagram.com\\\/fibra_df\\\/\",\"https:\\\/\\\/www.linkedin.com\\\/company\\\/sistemafibra\\\/\",\"https:\\\/\\\/www.youtube.com\\\/tvfibra\"]}]}<\/script>\n<!-- \/ Yoast SEO plugin. -->","yoast_head_json":{"title":"Sinfor - Fibra","robots":{"index":"index","follow":"follow","max-snippet":"max-snippet:-1","max-image-preview":"max-image-preview:large","max-video-preview":"max-video-preview:-1"},"canonical":"https:\/\/sistemafibra.alexholanda.com.br\/fibra\/sindicatos-sinfor\/","og_locale":"pt_BR","og_type":"article","og_title":"Sinfor - Fibra","og_description":"Sindicatos SINFOR-DF\u00a0teste O Sindicato das Ind\u00fastrias da Informa\u00e7\u00e3o do Distrito Federal (Sinfor-DF) \u00e9 entidade, sem fins lucrativos, dedicada a fortalecer as empresas de Tecnologia da Informa\u00e7\u00e3o e Comunica\u00e7\u00e3o (TIC) da Capital Federal. O Sinfor-DF aposta em a\u00e7\u00f5es de incentivo \u00e0 pesquisa, ao desenvolvimento de produtos e servi\u00e7os de alta qualidade e \u00e0 inova\u00e7\u00e3o, com vistas [&hellip;]","og_url":"https:\/\/sistemafibra.alexholanda.com.br\/fibra\/sindicatos-sinfor\/","og_site_name":"Fibra","article_publisher":"https:\/\/www.facebook.com\/fibradf","article_modified_time":"2022-04-25T07:08:08+00:00","og_image":[{"url":"https:\/\/sistemafibra.alexholanda.com.br\/fibra\/wp-content\/uploads\/sites\/6\/2011\/12\/dumb.jpg","type":"","width":"","height":""}],"twitter_card":"summary_large_image","twitter_site":"@fibradf","twitter_misc":{"Est. tempo de leitura":"3 minutos"},"schema":{"@context":"https:\/\/schema.org","@graph":[{"@type":"WebPage","@id":"https:\/\/sistemafibra.alexholanda.com.br\/fibra\/sindicatos-sinfor\/","url":"https:\/\/sistemafibra.alexholanda.com.br\/fibra\/sindicatos-sinfor\/","name":"Sinfor - Fibra","isPartOf":{"@id":"https:\/\/sistemafibra.alexholanda.com.br\/fibra\/#website"},"primaryImageOfPage":{"@id":"https:\/\/sistemafibra.alexholanda.com.br\/fibra\/sindicatos-sinfor\/#primaryimage"},"image":{"@id":"https:\/\/sistemafibra.alexholanda.com.br\/fibra\/sindicatos-sinfor\/#primaryimage"},"thumbnailUrl":"https:\/\/sistemafibra.alexholanda.com.br\/fibra\/wp-content\/uploads\/sites\/6\/2011\/12\/dumb.jpg","datePublished":"2021-11-26T20:45:31+00:00","dateModified":"2022-04-25T07:08:08+00:00","breadcrumb":{"@id":"https:\/\/sistemafibra.alexholanda.com.br\/fibra\/sindicatos-sinfor\/#breadcrumb"},"inLanguage":"pt-BR","potentialAction":[{"@type":"ReadAction","target":["https:\/\/sistemafibra.alexholanda.com.br\/fibra\/sindicatos-sinfor\/"]}]},{"@type":"ImageObject","inLanguage":"pt-BR","@id":"https:\/\/sistemafibra.alexholanda.com.br\/fibra\/sindicatos-sinfor\/#primaryimage","url":"https:\/\/sistemafibra.alexholanda.com.br\/fibra\/wp-content\/uploads\/sites\/6\/2011\/12\/dumb.jpg","contentUrl":"https:\/\/sistemafibra.alexholanda.com.br\/fibra\/wp-content\/uploads\/sites\/6\/2011\/12\/dumb.jpg","width":230,"height":108,"caption":"dumb"},{"@type":"BreadcrumbList","@id":"https:\/\/sistemafibra.alexholanda.com.br\/fibra\/sindicatos-sinfor\/#breadcrumb","itemListElement":[{"@type":"ListItem","position":1,"name":"","item":"https:\/\/sistemafibra.alexholanda.com.br\/fibra\/"},{"@type":"ListItem","position":2,"name":"Sinfor"}]},{"@type":"WebSite","@id":"https:\/\/sistemafibra.alexholanda.com.br\/fibra\/#website","url":"https:\/\/sistemafibra.alexholanda.com.br\/fibra\/","name":"Fibra","description":"Nosso novo portal","publisher":{"@id":"https:\/\/sistemafibra.alexholanda.com.br\/fibra\/#organization"},"potentialAction":[{"@type":"SearchAction","target":{"@type":"EntryPoint","urlTemplate":"https:\/\/sistemafibra.alexholanda.com.br\/fibra\/?s={search_term_string}"},"query-input":{"@type":"PropertyValueSpecification","valueRequired":true,"valueName":"search_term_string"}}],"inLanguage":"pt-BR"},{"@type":"Organization","@id":"https:\/\/sistemafibra.alexholanda.com.br\/fibra\/#organization","name":"Fibra","url":"https:\/\/sistemafibra.alexholanda.com.br\/fibra\/","logo":{"@type":"ImageObject","inLanguage":"pt-BR","@id":"https:\/\/sistemafibra.alexholanda.com.br\/fibra\/#\/schema\/logo\/image\/","url":"https:\/\/sistemafibra.alexholanda.com.br\/fibra\/wp-content\/uploads\/sites\/6\/2021\/11\/logofibra.png","contentUrl":"https:\/\/sistemafibra.alexholanda.com.br\/fibra\/wp-content\/uploads\/sites\/6\/2021\/11\/logofibra.png","width":180,"height":55,"caption":"Fibra"},"image":{"@id":"https:\/\/sistemafibra.alexholanda.com.br\/fibra\/#\/schema\/logo\/image\/"},"sameAs":["https:\/\/www.facebook.com\/fibradf","https:\/\/x.com\/fibradf","https:\/\/www.instagram.com\/fibra_df\/","https:\/\/www.linkedin.com\/company\/sistemafibra\/","https:\/\/www.youtube.com\/tvfibra"]}]}},"_links":{"self":[{"href":"https:\/\/sistemafibra.alexholanda.com.br\/fibra\/wp-json\/wp\/v2\/pages\/10179","targetHints":{"allow":["GET"]}}],"collection":[{"href":"https:\/\/sistemafibra.alexholanda.com.br\/fibra\/wp-json\/wp\/v2\/pages"}],"about":[{"href":"https:\/\/sistemafibra.alexholanda.com.br\/fibra\/wp-json\/wp\/v2\/types\/page"}],"author":[{"embeddable":true,"href":"https:\/\/sistemafibra.alexholanda.com.br\/fibra\/wp-json\/wp\/v2\/users\/2"}],"replies":[{"embeddable":true,"href":"https:\/\/sistemafibra.alexholanda.com.br\/fibra\/wp-json\/wp\/v2\/comments?post=10179"}],"version-history":[{"count":21,"href":"https:\/\/sistemafibra.alexholanda.com.br\/fibra\/wp-json\/wp\/v2\/pages\/10179\/revisions"}],"predecessor-version":[{"id":11973,"href":"https:\/\/sistemafibra.alexholanda.com.br\/fibra\/wp-json\/wp\/v2\/pages\/10179\/revisions\/11973"}],"wp:attachment":[{"href":"https:\/\/sistemafibra.alexholanda.com.br\/fibra\/wp-json\/wp\/v2\/media?parent=10179"}],"wp:term":[{"taxonomy":"tipo_de_conteudo","embeddable":true,"href":"https:\/\/sistemafibra.alexholanda.com.br\/fibra\/wp-json\/wp\/v2\/tipo_de_conteudo?post=10179"}],"curies":[{"name":"wp","href":"https:\/\/api.w.org\/{rel}","templated":true}]}}