{"id":10178,"date":"2021-11-26T17:45:01","date_gmt":"2021-11-26T20:45:01","guid":{"rendered":"https:\/\/sistemafibra.alexholanda.com.br\/fibra\/?page_id=1054"},"modified":"2022-04-19T17:08:13","modified_gmt":"2022-04-19T20:08:13","slug":"sindicatos-sindimam","status":"publish","type":"page","link":"https:\/\/sistemafibra.alexholanda.com.br\/fibra\/sindicatos-sindimam\/","title":{"rendered":"Sindimam"},"content":{"rendered":"\t\t<div data-elementor-type=\"wp-page\" data-elementor-id=\"10178\" class=\"elementor elementor-10178\">\n\t\t\t\t\t\t<section class=\"elementor-section elementor-top-section elementor-element elementor-element-9290597 elementor-section-boxed elementor-section-height-default elementor-section-height-default\" data-id=\"9290597\" data-element_type=\"section\" data-e-type=\"section\" data-settings=\"{&quot;background_background&quot;:&quot;gradient&quot;}\">\n\t\t\t\t\t\t<div class=\"elementor-container elementor-column-gap-default\">\n\t\t\t\t\t<div class=\"elementor-column elementor-col-100 elementor-top-column elementor-element elementor-element-a70a7df\" data-id=\"a70a7df\" data-element_type=\"column\" data-e-type=\"column\" data-settings=\"{&quot;background_background&quot;:&quot;classic&quot;}\">\n\t\t\t<div class=\"elementor-widget-wrap elementor-element-populated\">\n\t\t\t\t\t\t<div class=\"elementor-element elementor-element-29e8143 elementor-widget elementor-widget-breadcrumbs\" data-id=\"29e8143\" data-element_type=\"widget\" data-e-type=\"widget\" data-widget_type=\"breadcrumbs.default\">\n\t\t\t\t<div class=\"elementor-widget-container\">\n\t\t\t\t\t<p id=\"breadcrumbs\"><span><span><a href=\"https:\/\/sistemafibra.alexholanda.com.br\/fibra\/\"><i class=\"fas fa-home\"><\/i><\/a><\/span><\/span><\/p>\t\t\t\t<\/div>\n\t\t\t\t<\/div>\n\t\t\t\t\t<\/div>\n\t\t<\/div>\n\t\t\t\t\t<\/div>\n\t\t<\/section>\n\t\t\t\t<section class=\"elementor-section elementor-top-section elementor-element elementor-element-471cdb75 elementor-section-boxed elementor-section-height-default elementor-section-height-default\" data-id=\"471cdb75\" data-element_type=\"section\" data-e-type=\"section\">\n\t\t\t\t\t\t<div class=\"elementor-container elementor-column-gap-default\">\n\t\t\t\t\t<div class=\"elementor-column elementor-col-50 elementor-top-column elementor-element elementor-element-2725592e\" data-id=\"2725592e\" data-element_type=\"column\" data-e-type=\"column\">\n\t\t\t<div class=\"elementor-widget-wrap elementor-element-populated\">\n\t\t\t\t\t\t<div class=\"elementor-element elementor-element-7af76213 elementor-widget elementor-widget-heading\" data-id=\"7af76213\" data-element_type=\"widget\" data-e-type=\"widget\" data-widget_type=\"heading.default\">\n\t\t\t\t<div class=\"elementor-widget-container\">\n\t\t\t\t\t<h1 class=\"elementor-heading-title elementor-size-xl\">Sindicatos<\/h1>\t\t\t\t<\/div>\n\t\t\t\t<\/div>\n\t\t\t\t\t<\/div>\n\t\t<\/div>\n\t\t\t\t<div class=\"elementor-column elementor-col-50 elementor-top-column elementor-element elementor-element-68023048\" data-id=\"68023048\" data-element_type=\"column\" data-e-type=\"column\">\n\t\t\t<div class=\"elementor-widget-wrap elementor-element-populated\">\n\t\t\t\t\t\t<div class=\"elementor-element elementor-element-2aed2181 elementor-widget-divider--view-line elementor-widget elementor-widget-divider\" data-id=\"2aed2181\" data-element_type=\"widget\" data-e-type=\"widget\" data-widget_type=\"divider.default\">\n\t\t\t\t<div class=\"elementor-widget-container\">\n\t\t\t\t\t\t\t<div class=\"elementor-divider\">\n\t\t\t<span class=\"elementor-divider-separator\">\n\t\t\t\t\t\t<\/span>\n\t\t<\/div>\n\t\t\t\t\t\t<\/div>\n\t\t\t\t<\/div>\n\t\t\t\t\t<\/div>\n\t\t<\/div>\n\t\t\t\t\t<\/div>\n\t\t<\/section>\n\t\t\t\t<section class=\"elementor-section elementor-top-section elementor-element elementor-element-57c0c8a5 elementor-section-boxed elementor-section-height-default elementor-section-height-default\" data-id=\"57c0c8a5\" data-element_type=\"section\" data-e-type=\"section\">\n\t\t\t\t\t\t<div class=\"elementor-container elementor-column-gap-default\">\n\t\t\t\t\t<div class=\"elementor-column elementor-col-50 elementor-top-column elementor-element elementor-element-1d91158\" data-id=\"1d91158\" data-element_type=\"column\" data-e-type=\"column\">\n\t\t\t<div class=\"elementor-widget-wrap elementor-element-populated\">\n\t\t\t\t\t\t<div class=\"elementor-element elementor-element-6e3828a elementor-widget elementor-widget-image\" data-id=\"6e3828a\" data-element_type=\"widget\" data-e-type=\"widget\" data-widget_type=\"image.default\">\n\t\t\t\t<div class=\"elementor-widget-container\">\n\t\t\t\t\t\t\t\t\t\t\t\t\t\t\t<img decoding=\"async\" width=\"230\" height=\"108\" src=\"https:\/\/sistemafibra.alexholanda.com.br\/fibra\/wp-content\/uploads\/sites\/6\/2011\/12\/CRI_6567.jpg\" class=\"attachment-large size-large wp-image-875\" alt=\"CRI_6567\" \/>\t\t\t\t\t\t\t\t\t\t\t\t\t\t\t<\/div>\n\t\t\t\t<\/div>\n\t\t\t\t\t<\/div>\n\t\t<\/div>\n\t\t\t\t<div class=\"elementor-column elementor-col-50 elementor-top-column elementor-element elementor-element-644fd6b7\" data-id=\"644fd6b7\" data-element_type=\"column\" data-e-type=\"column\">\n\t\t\t<div class=\"elementor-widget-wrap elementor-element-populated\">\n\t\t\t\t\t\t<div class=\"elementor-element elementor-element-3520117c elementor-widget elementor-widget-text-editor\" data-id=\"3520117c\" data-element_type=\"widget\" data-e-type=\"widget\" data-widget_type=\"text-editor.default\">\n\t\t\t\t<div class=\"elementor-widget-container\">\n\t\t\t\t\t\t\t\t\t<p><span style=\"font-size: 14pt;\"><b>SINDIMAM-DF<\/b>\u00a0<\/span><\/p><p><span style=\"font-size: 14pt;\"><br \/>O Sindicato das Ind\u00fastrias da Madeira e do Mobili\u00e1rio do Distrito Federal (Sindimam-DF) visa defender interesses setoriais, representar e referenciar a \u00e9tica setorial, promover o planejamento como refer\u00eancia setorial, o fortalecimento da identidade industrial e o fomento industrial do Distrito Federal, atuando para forma\u00e7\u00e3o de empres\u00e1rios e de m\u00e3o de obra.\u00a0<\/span><\/p><p><span data-contrast=\"auto\"><br \/><span style=\"font-size: 12pt;\">O\u00a0Sindimam-DF\u00a0\u00e9 fundamental para o desenvolvimento das diretrizes estrat\u00e9gicas e da competitividade do setor. Al\u00e9m disso, \u00e9 reconhecido por todos os subsegmentos e por toda sua base geogr\u00e1fica. Entre os servi\u00e7os prestados pela entidade \u00e0s empresas filiadas est\u00e3o: Acompanhamento Legislativo; Comiss\u00e3o de Concilia\u00e7\u00e3o Pr\u00e9via; Conven\u00e7\u00e3o Coletiva de Trabalho; Cursos de forma\u00e7\u00e3o empresarial e de capacita\u00e7\u00e3o profissional; Elabora\u00e7\u00e3o de projetos para capacita\u00e7\u00e3o e qualifica\u00e7\u00e3o do segmento moveleiro; e Miss\u00f5es empresariais a feiras e congressos.<\/span><\/span><span style=\"font-size: 12pt;\" data-ccp-props=\"{&quot;201341983&quot;:0,&quot;335551550&quot;:6,&quot;335551620&quot;:6,&quot;335559739&quot;:200,&quot;335559740&quot;:276}\">\u00a0<\/span><\/p><p><span style=\"font-size: 12pt;\"><br \/>A sede do\u00a0Sindimam-DF\u00a0fica localizada no endere\u00e7o: SCN Quadra 01 Bloco E Sala 1511 \u2013 15\u00ba andar \u2013 Ed. Central Park \u2013 Bras\u00edlia\/DF. Para mais informa\u00e7\u00f5es sobre o trabalho desenvolvido pela entidade, entre em contato com a equipe pelos telefones (61) 3327-3893 \/ 3234-3863, ou pelo e-mail <a href=\"mailto:sindimam@sindimam.org.br\"><strong>sindimam@sindimam.org.br<\/strong><\/a>. Tamb\u00e9m est\u00e1 dispon\u00edvel o portal\u00a0<a href=\"http:\/\/www.sindimam.org.br\/\"><strong>www.sindimam.org.br<\/strong><\/a>.\u00a0<\/span><\/p>\t\t\t\t\t\t\t\t<\/div>\n\t\t\t\t<\/div>\n\t\t\t\t\t<\/div>\n\t\t<\/div>\n\t\t\t\t\t<\/div>\n\t\t<\/section>\n\t\t\t\t<section class=\"elementor-section elementor-top-section elementor-element elementor-element-041e972 elementor-section-boxed elementor-section-height-default elementor-section-height-default\" data-id=\"041e972\" data-element_type=\"section\" data-e-type=\"section\">\n\t\t\t\t\t\t<div class=\"elementor-container elementor-column-gap-default\">\n\t\t\t\t\t<div class=\"elementor-column elementor-col-100 elementor-top-column elementor-element elementor-element-c86f2df\" data-id=\"c86f2df\" data-element_type=\"column\" data-e-type=\"column\">\n\t\t\t<div class=\"elementor-widget-wrap elementor-element-populated\">\n\t\t\t\t\t\t<div class=\"elementor-element elementor-element-1c4cc388 elementor-widget elementor-widget-image\" data-id=\"1c4cc388\" data-element_type=\"widget\" data-e-type=\"widget\" data-widget_type=\"image.default\">\n\t\t\t\t<div class=\"elementor-widget-container\">\n\t\t\t\t\t\t\t\t\t\t\t\t\t\t\t<img fetchpriority=\"high\" decoding=\"async\" width=\"356\" height=\"236\" src=\"https:\/\/sistemafibra.alexholanda.com.br\/fibra\/wp-content\/uploads\/sites\/6\/2011\/12\/CRI_7161.jpg\" class=\"attachment-large size-large wp-image-876\" alt=\"CRI_7161\" srcset=\"https:\/\/sistemafibra.alexholanda.com.br\/fibra\/wp-content\/uploads\/sites\/6\/2011\/12\/CRI_7161.jpg 356w, https:\/\/sistemafibra.alexholanda.com.br\/fibra\/wp-content\/uploads\/sites\/6\/2011\/12\/CRI_7161-300x199.jpg 300w\" sizes=\"(max-width: 356px) 100vw, 356px\" \/>\t\t\t\t\t\t\t\t\t\t\t\t\t\t\t<\/div>\n\t\t\t\t<\/div>\n\t\t\t\t\t<\/div>\n\t\t<\/div>\n\t\t\t\t\t<\/div>\n\t\t<\/section>\n\t\t\t\t<\/div>\n\t\t","protected":false},"excerpt":{"rendered":"<p>Sindicatos SINDIMAM-DF\u00a0 O Sindicato das Ind\u00fastrias da Madeira e do Mobili\u00e1rio do Distrito Federal (Sindimam-DF) visa defender interesses setoriais, representar e referenciar a \u00e9tica setorial, promover o planejamento como refer\u00eancia setorial, o fortalecimento da identidade industrial e o fomento industrial do Distrito Federal, atuando para forma\u00e7\u00e3o de empres\u00e1rios e de m\u00e3o de obra.\u00a0 O\u00a0Sindimam-DF\u00a0\u00e9 fundamental [&hellip;]<\/p>\n","protected":false},"author":2,"featured_media":0,"parent":0,"menu_order":0,"comment_status":"closed","ping_status":"closed","template":"elementor_header_footer","meta":{"_acf_changed":false,"footnotes":""},"tipo_de_conteudo":[],"class_list":["post-10178","page","type-page","status-publish","hentry"],"acf":[],"yoast_head":"<!-- This site is optimized with the Yoast SEO plugin v27.5 - https:\/\/yoast.com\/product\/yoast-seo-wordpress\/ -->\n<title>Sindimam - Fibra<\/title>\n<meta name=\"robots\" content=\"index, follow, max-snippet:-1, max-image-preview:large, max-video-preview:-1\" \/>\n<link rel=\"canonical\" href=\"https:\/\/sistemafibra.alexholanda.com.br\/fibra\/sindicatos-sindimam\/\" \/>\n<meta property=\"og:locale\" content=\"pt_BR\" \/>\n<meta property=\"og:type\" content=\"article\" \/>\n<meta property=\"og:title\" content=\"Sindimam - Fibra\" \/>\n<meta property=\"og:description\" content=\"Sindicatos SINDIMAM-DF\u00a0 O Sindicato das Ind\u00fastrias da Madeira e do Mobili\u00e1rio do Distrito Federal (Sindimam-DF) visa defender interesses setoriais, representar e referenciar a \u00e9tica setorial, promover o planejamento como refer\u00eancia setorial, o fortalecimento da identidade industrial e o fomento industrial do Distrito Federal, atuando para forma\u00e7\u00e3o de empres\u00e1rios e de m\u00e3o de obra.\u00a0 O\u00a0Sindimam-DF\u00a0\u00e9 fundamental [&hellip;]\" \/>\n<meta property=\"og:url\" content=\"https:\/\/sistemafibra.alexholanda.com.br\/fibra\/sindicatos-sindimam\/\" \/>\n<meta property=\"og:site_name\" content=\"Fibra\" \/>\n<meta property=\"article:publisher\" content=\"https:\/\/www.facebook.com\/fibradf\" \/>\n<meta property=\"article:modified_time\" content=\"2022-04-19T20:08:13+00:00\" \/>\n<meta property=\"og:image\" content=\"https:\/\/sistemafibra.alexholanda.com.br\/fibra\/wp-content\/uploads\/sites\/6\/2011\/12\/CRI_6567.jpg\" \/>\n<meta name=\"twitter:card\" content=\"summary_large_image\" \/>\n<meta name=\"twitter:site\" content=\"@fibradf\" \/>\n<meta name=\"twitter:label1\" content=\"Est. tempo de leitura\" \/>\n\t<meta name=\"twitter:data1\" content=\"2 minutos\" \/>\n<script type=\"application\/ld+json\" class=\"yoast-schema-graph\">{\"@context\":\"https:\\\/\\\/schema.org\",\"@graph\":[{\"@type\":\"WebPage\",\"@id\":\"https:\\\/\\\/sistemafibra.alexholanda.com.br\\\/fibra\\\/sindicatos-sindimam\\\/\",\"url\":\"https:\\\/\\\/sistemafibra.alexholanda.com.br\\\/fibra\\\/sindicatos-sindimam\\\/\",\"name\":\"Sindimam - Fibra\",\"isPartOf\":{\"@id\":\"https:\\\/\\\/sistemafibra.alexholanda.com.br\\\/fibra\\\/#website\"},\"primaryImageOfPage\":{\"@id\":\"https:\\\/\\\/sistemafibra.alexholanda.com.br\\\/fibra\\\/sindicatos-sindimam\\\/#primaryimage\"},\"image\":{\"@id\":\"https:\\\/\\\/sistemafibra.alexholanda.com.br\\\/fibra\\\/sindicatos-sindimam\\\/#primaryimage\"},\"thumbnailUrl\":\"https:\\\/\\\/sistemafibra.alexholanda.com.br\\\/fibra\\\/wp-content\\\/uploads\\\/sites\\\/6\\\/2011\\\/12\\\/CRI_6567.jpg\",\"datePublished\":\"2021-11-26T20:45:01+00:00\",\"dateModified\":\"2022-04-19T20:08:13+00:00\",\"breadcrumb\":{\"@id\":\"https:\\\/\\\/sistemafibra.alexholanda.com.br\\\/fibra\\\/sindicatos-sindimam\\\/#breadcrumb\"},\"inLanguage\":\"pt-BR\",\"potentialAction\":[{\"@type\":\"ReadAction\",\"target\":[\"https:\\\/\\\/sistemafibra.alexholanda.com.br\\\/fibra\\\/sindicatos-sindimam\\\/\"]}]},{\"@type\":\"ImageObject\",\"inLanguage\":\"pt-BR\",\"@id\":\"https:\\\/\\\/sistemafibra.alexholanda.com.br\\\/fibra\\\/sindicatos-sindimam\\\/#primaryimage\",\"url\":\"https:\\\/\\\/sistemafibra.alexholanda.com.br\\\/fibra\\\/wp-content\\\/uploads\\\/sites\\\/6\\\/2011\\\/12\\\/CRI_6567.jpg\",\"contentUrl\":\"https:\\\/\\\/sistemafibra.alexholanda.com.br\\\/fibra\\\/wp-content\\\/uploads\\\/sites\\\/6\\\/2011\\\/12\\\/CRI_6567.jpg\",\"width\":230,\"height\":108,\"caption\":\"CRI_6567\"},{\"@type\":\"BreadcrumbList\",\"@id\":\"https:\\\/\\\/sistemafibra.alexholanda.com.br\\\/fibra\\\/sindicatos-sindimam\\\/#breadcrumb\",\"itemListElement\":[{\"@type\":\"ListItem\",\"position\":1,\"name\":\"\",\"item\":\"https:\\\/\\\/sistemafibra.alexholanda.com.br\\\/fibra\\\/\"},{\"@type\":\"ListItem\",\"position\":2,\"name\":\"Sindimam\"}]},{\"@type\":\"WebSite\",\"@id\":\"https:\\\/\\\/sistemafibra.alexholanda.com.br\\\/fibra\\\/#website\",\"url\":\"https:\\\/\\\/sistemafibra.alexholanda.com.br\\\/fibra\\\/\",\"name\":\"Fibra\",\"description\":\"Nosso novo portal\",\"publisher\":{\"@id\":\"https:\\\/\\\/sistemafibra.alexholanda.com.br\\\/fibra\\\/#organization\"},\"potentialAction\":[{\"@type\":\"SearchAction\",\"target\":{\"@type\":\"EntryPoint\",\"urlTemplate\":\"https:\\\/\\\/sistemafibra.alexholanda.com.br\\\/fibra\\\/?s={search_term_string}\"},\"query-input\":{\"@type\":\"PropertyValueSpecification\",\"valueRequired\":true,\"valueName\":\"search_term_string\"}}],\"inLanguage\":\"pt-BR\"},{\"@type\":\"Organization\",\"@id\":\"https:\\\/\\\/sistemafibra.alexholanda.com.br\\\/fibra\\\/#organization\",\"name\":\"Fibra\",\"url\":\"https:\\\/\\\/sistemafibra.alexholanda.com.br\\\/fibra\\\/\",\"logo\":{\"@type\":\"ImageObject\",\"inLanguage\":\"pt-BR\",\"@id\":\"https:\\\/\\\/sistemafibra.alexholanda.com.br\\\/fibra\\\/#\\\/schema\\\/logo\\\/image\\\/\",\"url\":\"https:\\\/\\\/sistemafibra.alexholanda.com.br\\\/fibra\\\/wp-content\\\/uploads\\\/sites\\\/6\\\/2021\\\/11\\\/logofibra.png\",\"contentUrl\":\"https:\\\/\\\/sistemafibra.alexholanda.com.br\\\/fibra\\\/wp-content\\\/uploads\\\/sites\\\/6\\\/2021\\\/11\\\/logofibra.png\",\"width\":180,\"height\":55,\"caption\":\"Fibra\"},\"image\":{\"@id\":\"https:\\\/\\\/sistemafibra.alexholanda.com.br\\\/fibra\\\/#\\\/schema\\\/logo\\\/image\\\/\"},\"sameAs\":[\"https:\\\/\\\/www.facebook.com\\\/fibradf\",\"https:\\\/\\\/x.com\\\/fibradf\",\"https:\\\/\\\/www.instagram.com\\\/fibra_df\\\/\",\"https:\\\/\\\/www.linkedin.com\\\/company\\\/sistemafibra\\\/\",\"https:\\\/\\\/www.youtube.com\\\/tvfibra\"]}]}<\/script>\n<!-- \/ Yoast SEO plugin. -->","yoast_head_json":{"title":"Sindimam - Fibra","robots":{"index":"index","follow":"follow","max-snippet":"max-snippet:-1","max-image-preview":"max-image-preview:large","max-video-preview":"max-video-preview:-1"},"canonical":"https:\/\/sistemafibra.alexholanda.com.br\/fibra\/sindicatos-sindimam\/","og_locale":"pt_BR","og_type":"article","og_title":"Sindimam - Fibra","og_description":"Sindicatos SINDIMAM-DF\u00a0 O Sindicato das Ind\u00fastrias da Madeira e do Mobili\u00e1rio do Distrito Federal (Sindimam-DF) visa defender interesses setoriais, representar e referenciar a \u00e9tica setorial, promover o planejamento como refer\u00eancia setorial, o fortalecimento da identidade industrial e o fomento industrial do Distrito Federal, atuando para forma\u00e7\u00e3o de empres\u00e1rios e de m\u00e3o de obra.\u00a0 O\u00a0Sindimam-DF\u00a0\u00e9 fundamental [&hellip;]","og_url":"https:\/\/sistemafibra.alexholanda.com.br\/fibra\/sindicatos-sindimam\/","og_site_name":"Fibra","article_publisher":"https:\/\/www.facebook.com\/fibradf","article_modified_time":"2022-04-19T20:08:13+00:00","og_image":[{"url":"https:\/\/sistemafibra.alexholanda.com.br\/fibra\/wp-content\/uploads\/sites\/6\/2011\/12\/CRI_6567.jpg","type":"","width":"","height":""}],"twitter_card":"summary_large_image","twitter_site":"@fibradf","twitter_misc":{"Est. tempo de leitura":"2 minutos"},"schema":{"@context":"https:\/\/schema.org","@graph":[{"@type":"WebPage","@id":"https:\/\/sistemafibra.alexholanda.com.br\/fibra\/sindicatos-sindimam\/","url":"https:\/\/sistemafibra.alexholanda.com.br\/fibra\/sindicatos-sindimam\/","name":"Sindimam - Fibra","isPartOf":{"@id":"https:\/\/sistemafibra.alexholanda.com.br\/fibra\/#website"},"primaryImageOfPage":{"@id":"https:\/\/sistemafibra.alexholanda.com.br\/fibra\/sindicatos-sindimam\/#primaryimage"},"image":{"@id":"https:\/\/sistemafibra.alexholanda.com.br\/fibra\/sindicatos-sindimam\/#primaryimage"},"thumbnailUrl":"https:\/\/sistemafibra.alexholanda.com.br\/fibra\/wp-content\/uploads\/sites\/6\/2011\/12\/CRI_6567.jpg","datePublished":"2021-11-26T20:45:01+00:00","dateModified":"2022-04-19T20:08:13+00:00","breadcrumb":{"@id":"https:\/\/sistemafibra.alexholanda.com.br\/fibra\/sindicatos-sindimam\/#breadcrumb"},"inLanguage":"pt-BR","potentialAction":[{"@type":"ReadAction","target":["https:\/\/sistemafibra.alexholanda.com.br\/fibra\/sindicatos-sindimam\/"]}]},{"@type":"ImageObject","inLanguage":"pt-BR","@id":"https:\/\/sistemafibra.alexholanda.com.br\/fibra\/sindicatos-sindimam\/#primaryimage","url":"https:\/\/sistemafibra.alexholanda.com.br\/fibra\/wp-content\/uploads\/sites\/6\/2011\/12\/CRI_6567.jpg","contentUrl":"https:\/\/sistemafibra.alexholanda.com.br\/fibra\/wp-content\/uploads\/sites\/6\/2011\/12\/CRI_6567.jpg","width":230,"height":108,"caption":"CRI_6567"},{"@type":"BreadcrumbList","@id":"https:\/\/sistemafibra.alexholanda.com.br\/fibra\/sindicatos-sindimam\/#breadcrumb","itemListElement":[{"@type":"ListItem","position":1,"name":"","item":"https:\/\/sistemafibra.alexholanda.com.br\/fibra\/"},{"@type":"ListItem","position":2,"name":"Sindimam"}]},{"@type":"WebSite","@id":"https:\/\/sistemafibra.alexholanda.com.br\/fibra\/#website","url":"https:\/\/sistemafibra.alexholanda.com.br\/fibra\/","name":"Fibra","description":"Nosso novo portal","publisher":{"@id":"https:\/\/sistemafibra.alexholanda.com.br\/fibra\/#organization"},"potentialAction":[{"@type":"SearchAction","target":{"@type":"EntryPoint","urlTemplate":"https:\/\/sistemafibra.alexholanda.com.br\/fibra\/?s={search_term_string}"},"query-input":{"@type":"PropertyValueSpecification","valueRequired":true,"valueName":"search_term_string"}}],"inLanguage":"pt-BR"},{"@type":"Organization","@id":"https:\/\/sistemafibra.alexholanda.com.br\/fibra\/#organization","name":"Fibra","url":"https:\/\/sistemafibra.alexholanda.com.br\/fibra\/","logo":{"@type":"ImageObject","inLanguage":"pt-BR","@id":"https:\/\/sistemafibra.alexholanda.com.br\/fibra\/#\/schema\/logo\/image\/","url":"https:\/\/sistemafibra.alexholanda.com.br\/fibra\/wp-content\/uploads\/sites\/6\/2021\/11\/logofibra.png","contentUrl":"https:\/\/sistemafibra.alexholanda.com.br\/fibra\/wp-content\/uploads\/sites\/6\/2021\/11\/logofibra.png","width":180,"height":55,"caption":"Fibra"},"image":{"@id":"https:\/\/sistemafibra.alexholanda.com.br\/fibra\/#\/schema\/logo\/image\/"},"sameAs":["https:\/\/www.facebook.com\/fibradf","https:\/\/x.com\/fibradf","https:\/\/www.instagram.com\/fibra_df\/","https:\/\/www.linkedin.com\/company\/sistemafibra\/","https:\/\/www.youtube.com\/tvfibra"]}]}},"_links":{"self":[{"href":"https:\/\/sistemafibra.alexholanda.com.br\/fibra\/wp-json\/wp\/v2\/pages\/10178","targetHints":{"allow":["GET"]}}],"collection":[{"href":"https:\/\/sistemafibra.alexholanda.com.br\/fibra\/wp-json\/wp\/v2\/pages"}],"about":[{"href":"https:\/\/sistemafibra.alexholanda.com.br\/fibra\/wp-json\/wp\/v2\/types\/page"}],"author":[{"embeddable":true,"href":"https:\/\/sistemafibra.alexholanda.com.br\/fibra\/wp-json\/wp\/v2\/users\/2"}],"replies":[{"embeddable":true,"href":"https:\/\/sistemafibra.alexholanda.com.br\/fibra\/wp-json\/wp\/v2\/comments?post=10178"}],"version-history":[{"count":3,"href":"https:\/\/sistemafibra.alexholanda.com.br\/fibra\/wp-json\/wp\/v2\/pages\/10178\/revisions"}],"predecessor-version":[{"id":11875,"href":"https:\/\/sistemafibra.alexholanda.com.br\/fibra\/wp-json\/wp\/v2\/pages\/10178\/revisions\/11875"}],"wp:attachment":[{"href":"https:\/\/sistemafibra.alexholanda.com.br\/fibra\/wp-json\/wp\/v2\/media?parent=10178"}],"wp:term":[{"taxonomy":"tipo_de_conteudo","embeddable":true,"href":"https:\/\/sistemafibra.alexholanda.com.br\/fibra\/wp-json\/wp\/v2\/tipo_de_conteudo?post=10178"}],"curies":[{"name":"wp","href":"https:\/\/api.w.org\/{rel}","templated":true}]}}