{"id":10175,"date":"2021-11-26T17:43:09","date_gmt":"2021-11-26T20:43:09","guid":{"rendered":"https:\/\/sistemafibra.alexholanda.com.br\/fibra\/?page_id=1051"},"modified":"2022-04-19T16:56:29","modified_gmt":"2022-04-19T19:56:29","slug":"sindicatos-siab","status":"publish","type":"page","link":"https:\/\/sistemafibra.alexholanda.com.br\/fibra\/sindicatos-siab\/","title":{"rendered":"Siab"},"content":{"rendered":"\t\t<div data-elementor-type=\"wp-page\" data-elementor-id=\"10175\" class=\"elementor elementor-10175\">\n\t\t\t\t\t\t<section class=\"elementor-section elementor-top-section elementor-element elementor-element-116613b elementor-section-boxed elementor-section-height-default elementor-section-height-default\" data-id=\"116613b\" data-element_type=\"section\" data-e-type=\"section\" data-settings=\"{&quot;background_background&quot;:&quot;gradient&quot;}\">\n\t\t\t\t\t\t<div class=\"elementor-container elementor-column-gap-default\">\n\t\t\t\t\t<div class=\"elementor-column elementor-col-100 elementor-top-column elementor-element elementor-element-8553971\" data-id=\"8553971\" data-element_type=\"column\" data-e-type=\"column\" data-settings=\"{&quot;background_background&quot;:&quot;classic&quot;}\">\n\t\t\t<div class=\"elementor-widget-wrap elementor-element-populated\">\n\t\t\t\t\t\t<div class=\"elementor-element elementor-element-3439bf4 elementor-widget elementor-widget-breadcrumbs\" data-id=\"3439bf4\" data-element_type=\"widget\" data-e-type=\"widget\" data-widget_type=\"breadcrumbs.default\">\n\t\t\t\t<div class=\"elementor-widget-container\">\n\t\t\t\t\t<p id=\"breadcrumbs\"><span><span><a href=\"https:\/\/sistemafibra.alexholanda.com.br\/fibra\/\"><i class=\"fas fa-home\"><\/i><\/a><\/span><\/span><\/p>\t\t\t\t<\/div>\n\t\t\t\t<\/div>\n\t\t\t\t\t<\/div>\n\t\t<\/div>\n\t\t\t\t\t<\/div>\n\t\t<\/section>\n\t\t\t\t<section class=\"elementor-section elementor-top-section elementor-element elementor-element-72b86b9f elementor-section-boxed elementor-section-height-default elementor-section-height-default\" data-id=\"72b86b9f\" data-element_type=\"section\" data-e-type=\"section\">\n\t\t\t\t\t\t<div class=\"elementor-container elementor-column-gap-default\">\n\t\t\t\t\t<div class=\"elementor-column elementor-col-50 elementor-top-column elementor-element elementor-element-a942ba4\" data-id=\"a942ba4\" data-element_type=\"column\" data-e-type=\"column\">\n\t\t\t<div class=\"elementor-widget-wrap elementor-element-populated\">\n\t\t\t\t\t\t<div class=\"elementor-element elementor-element-ec8dcd1 elementor-widget elementor-widget-heading\" data-id=\"ec8dcd1\" data-element_type=\"widget\" data-e-type=\"widget\" data-widget_type=\"heading.default\">\n\t\t\t\t<div class=\"elementor-widget-container\">\n\t\t\t\t\t<h1 class=\"elementor-heading-title elementor-size-xl\">Sindicatos<\/h1>\t\t\t\t<\/div>\n\t\t\t\t<\/div>\n\t\t\t\t\t<\/div>\n\t\t<\/div>\n\t\t\t\t<div class=\"elementor-column elementor-col-50 elementor-top-column elementor-element elementor-element-22936a1f\" data-id=\"22936a1f\" data-element_type=\"column\" data-e-type=\"column\">\n\t\t\t<div class=\"elementor-widget-wrap elementor-element-populated\">\n\t\t\t\t\t\t<div class=\"elementor-element elementor-element-7d074786 elementor-widget-divider--view-line elementor-widget elementor-widget-divider\" data-id=\"7d074786\" data-element_type=\"widget\" data-e-type=\"widget\" data-widget_type=\"divider.default\">\n\t\t\t\t<div class=\"elementor-widget-container\">\n\t\t\t\t\t\t\t<div class=\"elementor-divider\">\n\t\t\t<span class=\"elementor-divider-separator\">\n\t\t\t\t\t\t<\/span>\n\t\t<\/div>\n\t\t\t\t\t\t<\/div>\n\t\t\t\t<\/div>\n\t\t\t\t\t<\/div>\n\t\t<\/div>\n\t\t\t\t\t<\/div>\n\t\t<\/section>\n\t\t\t\t<section class=\"elementor-section elementor-top-section elementor-element elementor-element-6b774ac8 elementor-section-boxed elementor-section-height-default elementor-section-height-default\" data-id=\"6b774ac8\" data-element_type=\"section\" data-e-type=\"section\">\n\t\t\t\t\t\t<div class=\"elementor-container elementor-column-gap-default\">\n\t\t\t\t\t<div class=\"elementor-column elementor-col-50 elementor-top-column elementor-element elementor-element-27c61aad\" data-id=\"27c61aad\" data-element_type=\"column\" data-e-type=\"column\">\n\t\t\t<div class=\"elementor-widget-wrap elementor-element-populated\">\n\t\t\t\t\t\t<div class=\"elementor-element elementor-element-7b1477f2 elementor-widget elementor-widget-image\" data-id=\"7b1477f2\" data-element_type=\"widget\" data-e-type=\"widget\" data-widget_type=\"image.default\">\n\t\t\t\t<div class=\"elementor-widget-container\">\n\t\t\t\t\t\t\t\t\t\t\t\t\t\t\t<img decoding=\"async\" src=\"https:\/\/sistemafibra.alexholanda.com.br\/fibra\/wp-content\/uploads\/sites\/6\/2021\/11\/Siab_logo.jpg\" title=\"\" alt=\"\" loading=\"lazy\" \/>\t\t\t\t\t\t\t\t\t\t\t\t\t\t\t<\/div>\n\t\t\t\t<\/div>\n\t\t\t\t\t<\/div>\n\t\t<\/div>\n\t\t\t\t<div class=\"elementor-column elementor-col-50 elementor-top-column elementor-element elementor-element-1eca96ab\" data-id=\"1eca96ab\" data-element_type=\"column\" data-e-type=\"column\">\n\t\t\t<div class=\"elementor-widget-wrap elementor-element-populated\">\n\t\t\t\t\t\t<div class=\"elementor-element elementor-element-6812188c elementor-widget elementor-widget-text-editor\" data-id=\"6812188c\" data-element_type=\"widget\" data-e-type=\"widget\" data-widget_type=\"text-editor.default\">\n\t\t\t\t<div class=\"elementor-widget-container\">\n\t\t\t\t\t\t\t\t\t<p><span style=\"font-size: 14pt;\"><b>SIAB<\/b>\u00a0<\/span><\/p><p><span style=\"font-size: 14pt;\"><br \/>O Sindicato das Ind\u00fastrias de Alimenta\u00e7\u00e3o de Bras\u00edlia (Siab) visa ser reconhecido como o maior instrumento de apoio ao segmento, promovendo a participa\u00e7\u00e3o e a representatividade necess\u00e1ria para o desenvolvimento da ind\u00fastria da alimenta\u00e7\u00e3o do DF.\u00a0<\/span><\/p><p>\u00a0<\/p><p><span style=\"font-size: 12pt;\">Entre os servi\u00e7os prestados pelo Sindicato \u00e0s empresas filiadas est\u00e3o: Assist\u00eancia jur\u00eddica na \u00e1rea trabalhista; Apoio em negocia\u00e7\u00f5es coletivas de trabalho; Cursos de forma\u00e7\u00e3o empresarial e de capacita\u00e7\u00e3o profissional; Consultoria T\u00e9cnica na \u00e1rea de Alimentos; Promo\u00e7\u00e3o de eventos; e Parcerias com o Servi\u00e7o Brasileiro de Apoio \u00e0s Micro e Pequenas Empresas (Sebrae), Servi\u00e7o Nacional de Aprendizagem Industrial (Senai), ITPC Instituto Tecnol\u00f3gico e Associa\u00e7\u00e3o Brasileira da Ind\u00fastria de Panifica\u00e7\u00e3o e Confeitaria (Abip), nas quais s\u00e3o oferecidos aos associados cursos, consultorias, palestras, semin\u00e1rios, viagens t\u00e9cnicas, congressos e feiras com organiza\u00e7\u00e3o de caravanas.\u00a0<\/span><\/p><p>\u00a0<\/p><p><span style=\"font-size: 12pt;\">A sede do\u00a0Siab\u00a0fica no endere\u00e7o: SCN Quadra 01 Bloco E Sala 1516 \u2013 15\u00ba andar \u2013 Ed. Central Park \u2013 Bras\u00edlia\/DF.\u00a0<\/span><\/p><p>\u00a0<\/p><p><span style=\"font-size: 12pt;\">Para mais informa\u00e7\u00f5es sobre o trabalho desenvolvido pelo sindicato, entre em contato com a equipe pelos telefones (61) 3234-2727 e (61)3361-6260, ou pelos e-mails <a href=\"mailto:secretaria@siab.org.br\"><strong>secretaria@siab.org.br<\/strong><\/a>, <a href=\"mailto:comercial@siab.org.br\"><strong>comercial@siab.org.br<\/strong><\/a> e financeiro@siab.org.br. Tamb\u00e9m est\u00e1 dispon\u00edvel o portal\u00a0<strong><a href=\"http:\/\/www.sindicatodaindustria.com.br\/siabdf\">www.sindicatodaindustria.com.br\/siabdf<\/a><\/strong>.\u00a0<\/span><\/p>\t\t\t\t\t\t\t\t<\/div>\n\t\t\t\t<\/div>\n\t\t\t\t\t<\/div>\n\t\t<\/div>\n\t\t\t\t\t<\/div>\n\t\t<\/section>\n\t\t\t\t<section class=\"elementor-section elementor-top-section elementor-element elementor-element-82e9cc7 elementor-section-boxed elementor-section-height-default elementor-section-height-default\" data-id=\"82e9cc7\" data-element_type=\"section\" data-e-type=\"section\">\n\t\t\t\t\t\t<div class=\"elementor-container elementor-column-gap-default\">\n\t\t\t\t\t<div class=\"elementor-column elementor-col-100 elementor-top-column elementor-element elementor-element-be234ea\" data-id=\"be234ea\" data-element_type=\"column\" data-e-type=\"column\">\n\t\t\t<div class=\"elementor-widget-wrap elementor-element-populated\">\n\t\t\t\t\t\t<div class=\"elementor-element elementor-element-5479e827 elementor-widget elementor-widget-image\" data-id=\"5479e827\" data-element_type=\"widget\" data-e-type=\"widget\" data-widget_type=\"image.default\">\n\t\t\t\t<div class=\"elementor-widget-container\">\n\t\t\t\t\t\t\t\t\t\t\t\t\t\t\t<img decoding=\"async\" width=\"230\" height=\"108\" src=\"https:\/\/sistemafibra.alexholanda.com.br\/fibra\/wp-content\/uploads\/sites\/6\/2011\/12\/hergvd.jpg\" class=\"attachment-large size-large wp-image-884\" alt=\"hergvd\" \/>\t\t\t\t\t\t\t\t\t\t\t\t\t\t\t<\/div>\n\t\t\t\t<\/div>\n\t\t\t\t\t<\/div>\n\t\t<\/div>\n\t\t\t\t\t<\/div>\n\t\t<\/section>\n\t\t\t\t<\/div>\n\t\t","protected":false},"excerpt":{"rendered":"<p>Sindicatos SIAB\u00a0 O Sindicato das Ind\u00fastrias de Alimenta\u00e7\u00e3o de Bras\u00edlia (Siab) visa ser reconhecido como o maior instrumento de apoio ao segmento, promovendo a participa\u00e7\u00e3o e a representatividade necess\u00e1ria para o desenvolvimento da ind\u00fastria da alimenta\u00e7\u00e3o do DF.\u00a0 \u00a0 Entre os servi\u00e7os prestados pelo Sindicato \u00e0s empresas filiadas est\u00e3o: Assist\u00eancia jur\u00eddica na \u00e1rea trabalhista; Apoio [&hellip;]<\/p>\n","protected":false},"author":2,"featured_media":0,"parent":0,"menu_order":0,"comment_status":"closed","ping_status":"closed","template":"elementor_header_footer","meta":{"_acf_changed":false,"footnotes":""},"tipo_de_conteudo":[],"class_list":["post-10175","page","type-page","status-publish","hentry"],"acf":[],"yoast_head":"<!-- This site is optimized with the Yoast SEO plugin v27.5 - https:\/\/yoast.com\/product\/yoast-seo-wordpress\/ -->\n<title>Siab - Fibra<\/title>\n<meta name=\"robots\" content=\"index, follow, max-snippet:-1, max-image-preview:large, max-video-preview:-1\" \/>\n<link rel=\"canonical\" href=\"https:\/\/sistemafibra.alexholanda.com.br\/fibra\/sindicatos-siab\/\" \/>\n<meta property=\"og:locale\" content=\"pt_BR\" \/>\n<meta property=\"og:type\" content=\"article\" \/>\n<meta property=\"og:title\" content=\"Siab - Fibra\" \/>\n<meta property=\"og:description\" content=\"Sindicatos SIAB\u00a0 O Sindicato das Ind\u00fastrias de Alimenta\u00e7\u00e3o de Bras\u00edlia (Siab) visa ser reconhecido como o maior instrumento de apoio ao segmento, promovendo a participa\u00e7\u00e3o e a representatividade necess\u00e1ria para o desenvolvimento da ind\u00fastria da alimenta\u00e7\u00e3o do DF.\u00a0 \u00a0 Entre os servi\u00e7os prestados pelo Sindicato \u00e0s empresas filiadas est\u00e3o: Assist\u00eancia jur\u00eddica na \u00e1rea trabalhista; Apoio [&hellip;]\" \/>\n<meta property=\"og:url\" content=\"https:\/\/sistemafibra.alexholanda.com.br\/fibra\/sindicatos-siab\/\" \/>\n<meta property=\"og:site_name\" content=\"Fibra\" \/>\n<meta property=\"article:publisher\" content=\"https:\/\/www.facebook.com\/fibradf\" \/>\n<meta property=\"article:modified_time\" content=\"2022-04-19T19:56:29+00:00\" \/>\n<meta property=\"og:image\" content=\"https:\/\/sistemafibra.alexholanda.com.br\/fibra\/wp-content\/uploads\/sites\/6\/2021\/11\/Siab_logo.jpg\" \/>\n<meta name=\"twitter:card\" content=\"summary_large_image\" \/>\n<meta name=\"twitter:site\" content=\"@fibradf\" \/>\n<meta name=\"twitter:label1\" content=\"Est. tempo de leitura\" \/>\n\t<meta name=\"twitter:data1\" content=\"2 minutos\" \/>\n<script type=\"application\/ld+json\" class=\"yoast-schema-graph\">{\"@context\":\"https:\\\/\\\/schema.org\",\"@graph\":[{\"@type\":\"WebPage\",\"@id\":\"https:\\\/\\\/sistemafibra.alexholanda.com.br\\\/fibra\\\/sindicatos-siab\\\/\",\"url\":\"https:\\\/\\\/sistemafibra.alexholanda.com.br\\\/fibra\\\/sindicatos-siab\\\/\",\"name\":\"Siab - Fibra\",\"isPartOf\":{\"@id\":\"https:\\\/\\\/sistemafibra.alexholanda.com.br\\\/fibra\\\/#website\"},\"primaryImageOfPage\":{\"@id\":\"https:\\\/\\\/sistemafibra.alexholanda.com.br\\\/fibra\\\/sindicatos-siab\\\/#primaryimage\"},\"image\":{\"@id\":\"https:\\\/\\\/sistemafibra.alexholanda.com.br\\\/fibra\\\/sindicatos-siab\\\/#primaryimage\"},\"thumbnailUrl\":\"https:\\\/\\\/sistemafibra.alexholanda.com.br\\\/fibra\\\/wp-content\\\/uploads\\\/sites\\\/6\\\/2021\\\/11\\\/Siab_logo.jpg\",\"datePublished\":\"2021-11-26T20:43:09+00:00\",\"dateModified\":\"2022-04-19T19:56:29+00:00\",\"breadcrumb\":{\"@id\":\"https:\\\/\\\/sistemafibra.alexholanda.com.br\\\/fibra\\\/sindicatos-siab\\\/#breadcrumb\"},\"inLanguage\":\"pt-BR\",\"potentialAction\":[{\"@type\":\"ReadAction\",\"target\":[\"https:\\\/\\\/sistemafibra.alexholanda.com.br\\\/fibra\\\/sindicatos-siab\\\/\"]}]},{\"@type\":\"ImageObject\",\"inLanguage\":\"pt-BR\",\"@id\":\"https:\\\/\\\/sistemafibra.alexholanda.com.br\\\/fibra\\\/sindicatos-siab\\\/#primaryimage\",\"url\":\"https:\\\/\\\/sistemafibra.alexholanda.com.br\\\/fibra\\\/wp-content\\\/uploads\\\/sites\\\/6\\\/2021\\\/11\\\/Siab_logo.jpg\",\"contentUrl\":\"https:\\\/\\\/sistemafibra.alexholanda.com.br\\\/fibra\\\/wp-content\\\/uploads\\\/sites\\\/6\\\/2021\\\/11\\\/Siab_logo.jpg\"},{\"@type\":\"BreadcrumbList\",\"@id\":\"https:\\\/\\\/sistemafibra.alexholanda.com.br\\\/fibra\\\/sindicatos-siab\\\/#breadcrumb\",\"itemListElement\":[{\"@type\":\"ListItem\",\"position\":1,\"name\":\"\",\"item\":\"https:\\\/\\\/sistemafibra.alexholanda.com.br\\\/fibra\\\/\"},{\"@type\":\"ListItem\",\"position\":2,\"name\":\"Siab\"}]},{\"@type\":\"WebSite\",\"@id\":\"https:\\\/\\\/sistemafibra.alexholanda.com.br\\\/fibra\\\/#website\",\"url\":\"https:\\\/\\\/sistemafibra.alexholanda.com.br\\\/fibra\\\/\",\"name\":\"Fibra\",\"description\":\"Nosso novo portal\",\"publisher\":{\"@id\":\"https:\\\/\\\/sistemafibra.alexholanda.com.br\\\/fibra\\\/#organization\"},\"potentialAction\":[{\"@type\":\"SearchAction\",\"target\":{\"@type\":\"EntryPoint\",\"urlTemplate\":\"https:\\\/\\\/sistemafibra.alexholanda.com.br\\\/fibra\\\/?s={search_term_string}\"},\"query-input\":{\"@type\":\"PropertyValueSpecification\",\"valueRequired\":true,\"valueName\":\"search_term_string\"}}],\"inLanguage\":\"pt-BR\"},{\"@type\":\"Organization\",\"@id\":\"https:\\\/\\\/sistemafibra.alexholanda.com.br\\\/fibra\\\/#organization\",\"name\":\"Fibra\",\"url\":\"https:\\\/\\\/sistemafibra.alexholanda.com.br\\\/fibra\\\/\",\"logo\":{\"@type\":\"ImageObject\",\"inLanguage\":\"pt-BR\",\"@id\":\"https:\\\/\\\/sistemafibra.alexholanda.com.br\\\/fibra\\\/#\\\/schema\\\/logo\\\/image\\\/\",\"url\":\"https:\\\/\\\/sistemafibra.alexholanda.com.br\\\/fibra\\\/wp-content\\\/uploads\\\/sites\\\/6\\\/2021\\\/11\\\/logofibra.png\",\"contentUrl\":\"https:\\\/\\\/sistemafibra.alexholanda.com.br\\\/fibra\\\/wp-content\\\/uploads\\\/sites\\\/6\\\/2021\\\/11\\\/logofibra.png\",\"width\":180,\"height\":55,\"caption\":\"Fibra\"},\"image\":{\"@id\":\"https:\\\/\\\/sistemafibra.alexholanda.com.br\\\/fibra\\\/#\\\/schema\\\/logo\\\/image\\\/\"},\"sameAs\":[\"https:\\\/\\\/www.facebook.com\\\/fibradf\",\"https:\\\/\\\/x.com\\\/fibradf\",\"https:\\\/\\\/www.instagram.com\\\/fibra_df\\\/\",\"https:\\\/\\\/www.linkedin.com\\\/company\\\/sistemafibra\\\/\",\"https:\\\/\\\/www.youtube.com\\\/tvfibra\"]}]}<\/script>\n<!-- \/ Yoast SEO plugin. -->","yoast_head_json":{"title":"Siab - Fibra","robots":{"index":"index","follow":"follow","max-snippet":"max-snippet:-1","max-image-preview":"max-image-preview:large","max-video-preview":"max-video-preview:-1"},"canonical":"https:\/\/sistemafibra.alexholanda.com.br\/fibra\/sindicatos-siab\/","og_locale":"pt_BR","og_type":"article","og_title":"Siab - Fibra","og_description":"Sindicatos SIAB\u00a0 O Sindicato das Ind\u00fastrias de Alimenta\u00e7\u00e3o de Bras\u00edlia (Siab) visa ser reconhecido como o maior instrumento de apoio ao segmento, promovendo a participa\u00e7\u00e3o e a representatividade necess\u00e1ria para o desenvolvimento da ind\u00fastria da alimenta\u00e7\u00e3o do DF.\u00a0 \u00a0 Entre os servi\u00e7os prestados pelo Sindicato \u00e0s empresas filiadas est\u00e3o: Assist\u00eancia jur\u00eddica na \u00e1rea trabalhista; Apoio [&hellip;]","og_url":"https:\/\/sistemafibra.alexholanda.com.br\/fibra\/sindicatos-siab\/","og_site_name":"Fibra","article_publisher":"https:\/\/www.facebook.com\/fibradf","article_modified_time":"2022-04-19T19:56:29+00:00","og_image":[{"url":"https:\/\/sistemafibra.alexholanda.com.br\/fibra\/wp-content\/uploads\/sites\/6\/2021\/11\/Siab_logo.jpg","type":"","width":"","height":""}],"twitter_card":"summary_large_image","twitter_site":"@fibradf","twitter_misc":{"Est. tempo de leitura":"2 minutos"},"schema":{"@context":"https:\/\/schema.org","@graph":[{"@type":"WebPage","@id":"https:\/\/sistemafibra.alexholanda.com.br\/fibra\/sindicatos-siab\/","url":"https:\/\/sistemafibra.alexholanda.com.br\/fibra\/sindicatos-siab\/","name":"Siab - Fibra","isPartOf":{"@id":"https:\/\/sistemafibra.alexholanda.com.br\/fibra\/#website"},"primaryImageOfPage":{"@id":"https:\/\/sistemafibra.alexholanda.com.br\/fibra\/sindicatos-siab\/#primaryimage"},"image":{"@id":"https:\/\/sistemafibra.alexholanda.com.br\/fibra\/sindicatos-siab\/#primaryimage"},"thumbnailUrl":"https:\/\/sistemafibra.alexholanda.com.br\/fibra\/wp-content\/uploads\/sites\/6\/2021\/11\/Siab_logo.jpg","datePublished":"2021-11-26T20:43:09+00:00","dateModified":"2022-04-19T19:56:29+00:00","breadcrumb":{"@id":"https:\/\/sistemafibra.alexholanda.com.br\/fibra\/sindicatos-siab\/#breadcrumb"},"inLanguage":"pt-BR","potentialAction":[{"@type":"ReadAction","target":["https:\/\/sistemafibra.alexholanda.com.br\/fibra\/sindicatos-siab\/"]}]},{"@type":"ImageObject","inLanguage":"pt-BR","@id":"https:\/\/sistemafibra.alexholanda.com.br\/fibra\/sindicatos-siab\/#primaryimage","url":"https:\/\/sistemafibra.alexholanda.com.br\/fibra\/wp-content\/uploads\/sites\/6\/2021\/11\/Siab_logo.jpg","contentUrl":"https:\/\/sistemafibra.alexholanda.com.br\/fibra\/wp-content\/uploads\/sites\/6\/2021\/11\/Siab_logo.jpg"},{"@type":"BreadcrumbList","@id":"https:\/\/sistemafibra.alexholanda.com.br\/fibra\/sindicatos-siab\/#breadcrumb","itemListElement":[{"@type":"ListItem","position":1,"name":"","item":"https:\/\/sistemafibra.alexholanda.com.br\/fibra\/"},{"@type":"ListItem","position":2,"name":"Siab"}]},{"@type":"WebSite","@id":"https:\/\/sistemafibra.alexholanda.com.br\/fibra\/#website","url":"https:\/\/sistemafibra.alexholanda.com.br\/fibra\/","name":"Fibra","description":"Nosso novo portal","publisher":{"@id":"https:\/\/sistemafibra.alexholanda.com.br\/fibra\/#organization"},"potentialAction":[{"@type":"SearchAction","target":{"@type":"EntryPoint","urlTemplate":"https:\/\/sistemafibra.alexholanda.com.br\/fibra\/?s={search_term_string}"},"query-input":{"@type":"PropertyValueSpecification","valueRequired":true,"valueName":"search_term_string"}}],"inLanguage":"pt-BR"},{"@type":"Organization","@id":"https:\/\/sistemafibra.alexholanda.com.br\/fibra\/#organization","name":"Fibra","url":"https:\/\/sistemafibra.alexholanda.com.br\/fibra\/","logo":{"@type":"ImageObject","inLanguage":"pt-BR","@id":"https:\/\/sistemafibra.alexholanda.com.br\/fibra\/#\/schema\/logo\/image\/","url":"https:\/\/sistemafibra.alexholanda.com.br\/fibra\/wp-content\/uploads\/sites\/6\/2021\/11\/logofibra.png","contentUrl":"https:\/\/sistemafibra.alexholanda.com.br\/fibra\/wp-content\/uploads\/sites\/6\/2021\/11\/logofibra.png","width":180,"height":55,"caption":"Fibra"},"image":{"@id":"https:\/\/sistemafibra.alexholanda.com.br\/fibra\/#\/schema\/logo\/image\/"},"sameAs":["https:\/\/www.facebook.com\/fibradf","https:\/\/x.com\/fibradf","https:\/\/www.instagram.com\/fibra_df\/","https:\/\/www.linkedin.com\/company\/sistemafibra\/","https:\/\/www.youtube.com\/tvfibra"]}]}},"_links":{"self":[{"href":"https:\/\/sistemafibra.alexholanda.com.br\/fibra\/wp-json\/wp\/v2\/pages\/10175","targetHints":{"allow":["GET"]}}],"collection":[{"href":"https:\/\/sistemafibra.alexholanda.com.br\/fibra\/wp-json\/wp\/v2\/pages"}],"about":[{"href":"https:\/\/sistemafibra.alexholanda.com.br\/fibra\/wp-json\/wp\/v2\/types\/page"}],"author":[{"embeddable":true,"href":"https:\/\/sistemafibra.alexholanda.com.br\/fibra\/wp-json\/wp\/v2\/users\/2"}],"replies":[{"embeddable":true,"href":"https:\/\/sistemafibra.alexholanda.com.br\/fibra\/wp-json\/wp\/v2\/comments?post=10175"}],"version-history":[{"count":3,"href":"https:\/\/sistemafibra.alexholanda.com.br\/fibra\/wp-json\/wp\/v2\/pages\/10175\/revisions"}],"predecessor-version":[{"id":11866,"href":"https:\/\/sistemafibra.alexholanda.com.br\/fibra\/wp-json\/wp\/v2\/pages\/10175\/revisions\/11866"}],"wp:attachment":[{"href":"https:\/\/sistemafibra.alexholanda.com.br\/fibra\/wp-json\/wp\/v2\/media?parent=10175"}],"wp:term":[{"taxonomy":"tipo_de_conteudo","embeddable":true,"href":"https:\/\/sistemafibra.alexholanda.com.br\/fibra\/wp-json\/wp\/v2\/tipo_de_conteudo?post=10175"}],"curies":[{"name":"wp","href":"https:\/\/api.w.org\/{rel}","templated":true}]}}