{"id":10174,"date":"2021-11-26T17:31:32","date_gmt":"2021-11-26T20:31:32","guid":{"rendered":"https:\/\/sistemafibra.alexholanda.com.br\/fibra\/?page_id=1046"},"modified":"2022-04-19T16:45:08","modified_gmt":"2022-04-19T19:45:08","slug":"sindicatos-simeb","status":"publish","type":"page","link":"https:\/\/sistemafibra.alexholanda.com.br\/fibra\/sindicatos-simeb\/","title":{"rendered":"Simeb"},"content":{"rendered":"\t\t<div data-elementor-type=\"wp-page\" data-elementor-id=\"10174\" class=\"elementor elementor-10174\">\n\t\t\t\t\t\t<section class=\"elementor-section elementor-top-section elementor-element elementor-element-b8ba7e6 elementor-section-boxed elementor-section-height-default elementor-section-height-default\" data-id=\"b8ba7e6\" data-element_type=\"section\" data-e-type=\"section\" data-settings=\"{&quot;background_background&quot;:&quot;gradient&quot;}\">\n\t\t\t\t\t\t<div class=\"elementor-container elementor-column-gap-default\">\n\t\t\t\t\t<div class=\"elementor-column elementor-col-100 elementor-top-column elementor-element elementor-element-4bc68be\" data-id=\"4bc68be\" data-element_type=\"column\" data-e-type=\"column\" data-settings=\"{&quot;background_background&quot;:&quot;classic&quot;}\">\n\t\t\t<div class=\"elementor-widget-wrap elementor-element-populated\">\n\t\t\t\t\t\t<div class=\"elementor-element elementor-element-daac8c5 elementor-widget elementor-widget-breadcrumbs\" data-id=\"daac8c5\" data-element_type=\"widget\" data-e-type=\"widget\" data-widget_type=\"breadcrumbs.default\">\n\t\t\t\t<div class=\"elementor-widget-container\">\n\t\t\t\t\t<p id=\"breadcrumbs\"><span><span><a href=\"https:\/\/sistemafibra.alexholanda.com.br\/fibra\/\"><i class=\"fas fa-home\"><\/i><\/a><\/span><\/span><\/p>\t\t\t\t<\/div>\n\t\t\t\t<\/div>\n\t\t\t\t\t<\/div>\n\t\t<\/div>\n\t\t\t\t\t<\/div>\n\t\t<\/section>\n\t\t\t\t<section class=\"elementor-section elementor-top-section elementor-element elementor-element-2b5f1c2b elementor-section-boxed elementor-section-height-default elementor-section-height-default\" data-id=\"2b5f1c2b\" data-element_type=\"section\" data-e-type=\"section\">\n\t\t\t\t\t\t<div class=\"elementor-container elementor-column-gap-default\">\n\t\t\t\t\t<div class=\"elementor-column elementor-col-50 elementor-top-column elementor-element elementor-element-6b677b9b\" data-id=\"6b677b9b\" data-element_type=\"column\" data-e-type=\"column\">\n\t\t\t<div class=\"elementor-widget-wrap elementor-element-populated\">\n\t\t\t\t\t\t<div class=\"elementor-element elementor-element-77fd92cc elementor-widget elementor-widget-heading\" data-id=\"77fd92cc\" data-element_type=\"widget\" data-e-type=\"widget\" data-widget_type=\"heading.default\">\n\t\t\t\t<div class=\"elementor-widget-container\">\n\t\t\t\t\t<h1 class=\"elementor-heading-title elementor-size-xl\">Sindicatos<\/h1>\t\t\t\t<\/div>\n\t\t\t\t<\/div>\n\t\t\t\t\t<\/div>\n\t\t<\/div>\n\t\t\t\t<div class=\"elementor-column elementor-col-50 elementor-top-column elementor-element elementor-element-59380b20\" data-id=\"59380b20\" data-element_type=\"column\" data-e-type=\"column\">\n\t\t\t<div class=\"elementor-widget-wrap elementor-element-populated\">\n\t\t\t\t\t\t<div class=\"elementor-element elementor-element-5dfe3931 elementor-widget-divider--view-line elementor-widget elementor-widget-divider\" data-id=\"5dfe3931\" data-element_type=\"widget\" data-e-type=\"widget\" data-widget_type=\"divider.default\">\n\t\t\t\t<div class=\"elementor-widget-container\">\n\t\t\t\t\t\t\t<div class=\"elementor-divider\">\n\t\t\t<span class=\"elementor-divider-separator\">\n\t\t\t\t\t\t<\/span>\n\t\t<\/div>\n\t\t\t\t\t\t<\/div>\n\t\t\t\t<\/div>\n\t\t\t\t\t<\/div>\n\t\t<\/div>\n\t\t\t\t\t<\/div>\n\t\t<\/section>\n\t\t\t\t<section class=\"elementor-section elementor-top-section elementor-element elementor-element-10e5fa13 elementor-section-boxed elementor-section-height-default elementor-section-height-default\" data-id=\"10e5fa13\" data-element_type=\"section\" data-e-type=\"section\">\n\t\t\t\t\t\t<div class=\"elementor-container elementor-column-gap-default\">\n\t\t\t\t\t<div class=\"elementor-column elementor-col-50 elementor-top-column elementor-element elementor-element-4d77dfa7\" data-id=\"4d77dfa7\" data-element_type=\"column\" data-e-type=\"column\">\n\t\t\t<div class=\"elementor-widget-wrap elementor-element-populated\">\n\t\t\t\t\t\t<div class=\"elementor-element elementor-element-70c09670 elementor-widget elementor-widget-image\" data-id=\"70c09670\" data-element_type=\"widget\" data-e-type=\"widget\" data-widget_type=\"image.default\">\n\t\t\t\t<div class=\"elementor-widget-container\">\n\t\t\t\t\t\t\t\t\t\t\t\t\t\t\t<img decoding=\"async\" src=\"https:\/\/sistemafibra.alexholanda.com.br\/fibra\/wp-content\/uploads\/sites\/6\/2021\/11\/SIMEB_logo.png\" title=\"\" alt=\"\" loading=\"lazy\" \/>\t\t\t\t\t\t\t\t\t\t\t\t\t\t\t<\/div>\n\t\t\t\t<\/div>\n\t\t\t\t\t<\/div>\n\t\t<\/div>\n\t\t\t\t<div class=\"elementor-column elementor-col-50 elementor-top-column elementor-element elementor-element-e0a6dd0\" data-id=\"e0a6dd0\" data-element_type=\"column\" data-e-type=\"column\">\n\t\t\t<div class=\"elementor-widget-wrap elementor-element-populated\">\n\t\t\t\t\t\t<div class=\"elementor-element elementor-element-12603394 elementor-widget elementor-widget-text-editor\" data-id=\"12603394\" data-element_type=\"widget\" data-e-type=\"widget\" data-widget_type=\"text-editor.default\">\n\t\t\t\t<div class=\"elementor-widget-container\">\n\t\t\t\t\t\t\t\t\t<p><span style=\"font-size: 14pt;\"><b>SIMEB<\/b>\u00a0<\/span><\/p><p>\u00a0<\/p><p><span style=\"font-size: 14pt;\">O Sindicato das Ind\u00fastrias Metal\u00fargicas, Mec\u00e2nicas e de Material El\u00e9trico do Distrito Federal (Simeb-DF) atua, permanentemente, em prol do desenvolvimento da classe representada e do progresso de seus s\u00f3cios, representando e lutando em defesa dos direitos e interesses da sua categoria industrial, dos prestadores de servi\u00e7os, das classes produtoras, de outras atividades correlatas e, em geral, pelo desenvolvimento do DF.\u00a0<\/span><\/p><p>\u00a0<\/p><p><span style=\"font-size: 12pt;\">Entre os servi\u00e7os prestados pelo Sindicato \u00e0s empresas filiadas est\u00e3o:\u00a0Treinamentos, palestras, apoio\u00a0em negocia\u00e7\u00f5es, orienta\u00e7\u00f5es trabalhistas, apoio jur\u00eddico e consultoria especializada.\u00a0<\/span><\/p><p>\u00a0<\/p><p><span style=\"font-size: 12pt;\">A sede do\u00a0Simeb-DF\u00a0fica localizada no endere\u00e7o SIA trecho 04, lote 1130 &#8211; Edif\u00edcio\u00a0Senap\u00a0I (Cobertura) \u2013 Bras\u00edlia\/DF. Para mais informa\u00e7\u00f5es sobre o trabalho desenvolvido pela entidade, entre em contato com a equipe pelos telefones (61) 3233-3375 e (61) 3233-4585, ou pelo e-mail <strong><a href=\"mailto:simeb@simeb.org.br\">simeb@simeb.org.br<\/a><\/strong>. Tamb\u00e9m est\u00e1 dispon\u00edvel o portal:\u00a0<strong><a href=\"http:\/\/www.simeb.org.br\/\">www.simeb.org.br<\/a><\/strong>\u00a0<\/span><\/p>\t\t\t\t\t\t\t\t<\/div>\n\t\t\t\t<\/div>\n\t\t\t\t\t<\/div>\n\t\t<\/div>\n\t\t\t\t\t<\/div>\n\t\t<\/section>\n\t\t\t\t<section class=\"elementor-section elementor-top-section elementor-element elementor-element-8a2ebf5 elementor-section-boxed elementor-section-height-default elementor-section-height-default\" data-id=\"8a2ebf5\" data-element_type=\"section\" data-e-type=\"section\">\n\t\t\t\t\t\t<div class=\"elementor-container elementor-column-gap-default\">\n\t\t\t\t\t<div class=\"elementor-column elementor-col-100 elementor-top-column elementor-element elementor-element-35a2cd5\" data-id=\"35a2cd5\" data-element_type=\"column\" data-e-type=\"column\">\n\t\t\t<div class=\"elementor-widget-wrap elementor-element-populated\">\n\t\t\t\t\t\t<div class=\"elementor-element elementor-element-8a1e60c elementor-widget elementor-widget-image\" data-id=\"8a1e60c\" data-element_type=\"widget\" data-e-type=\"widget\" data-widget_type=\"image.default\">\n\t\t\t\t<div class=\"elementor-widget-container\">\n\t\t\t\t\t\t\t\t\t\t\t\t\t\t\t<img decoding=\"async\" src=\"https:\/\/sistemafibra.alexholanda.com.br\/fibra\/wp-content\/uploads\/sites\/6\/2021\/11\/SIMEB_DF_Presidente.png\" title=\"\" alt=\"\" loading=\"lazy\" \/>\t\t\t\t\t\t\t\t\t\t\t\t\t\t\t<\/div>\n\t\t\t\t<\/div>\n\t\t\t\t\t<\/div>\n\t\t<\/div>\n\t\t\t\t\t<\/div>\n\t\t<\/section>\n\t\t\t\t<\/div>\n\t\t","protected":false},"excerpt":{"rendered":"<p>Sindicatos SIMEB\u00a0 \u00a0 O Sindicato das Ind\u00fastrias Metal\u00fargicas, Mec\u00e2nicas e de Material El\u00e9trico do Distrito Federal (Simeb-DF) atua, permanentemente, em prol do desenvolvimento da classe representada e do progresso de seus s\u00f3cios, representando e lutando em defesa dos direitos e interesses da sua categoria industrial, dos prestadores de servi\u00e7os, das classes produtoras, de outras atividades [&hellip;]<\/p>\n","protected":false},"author":2,"featured_media":0,"parent":0,"menu_order":0,"comment_status":"closed","ping_status":"closed","template":"elementor_header_footer","meta":{"_acf_changed":false,"footnotes":""},"tipo_de_conteudo":[],"class_list":["post-10174","page","type-page","status-publish","hentry"],"acf":[],"yoast_head":"<!-- This site is optimized with the Yoast SEO plugin v27.5 - https:\/\/yoast.com\/product\/yoast-seo-wordpress\/ -->\n<title>Simeb - Fibra<\/title>\n<meta name=\"robots\" content=\"index, follow, max-snippet:-1, max-image-preview:large, max-video-preview:-1\" \/>\n<link rel=\"canonical\" href=\"https:\/\/sistemafibra.alexholanda.com.br\/fibra\/sindicatos-simeb\/\" \/>\n<meta property=\"og:locale\" content=\"pt_BR\" \/>\n<meta property=\"og:type\" content=\"article\" \/>\n<meta property=\"og:title\" content=\"Simeb - Fibra\" \/>\n<meta property=\"og:description\" content=\"Sindicatos SIMEB\u00a0 \u00a0 O Sindicato das Ind\u00fastrias Metal\u00fargicas, Mec\u00e2nicas e de Material El\u00e9trico do Distrito Federal (Simeb-DF) atua, permanentemente, em prol do desenvolvimento da classe representada e do progresso de seus s\u00f3cios, representando e lutando em defesa dos direitos e interesses da sua categoria industrial, dos prestadores de servi\u00e7os, das classes produtoras, de outras atividades [&hellip;]\" \/>\n<meta property=\"og:url\" content=\"https:\/\/sistemafibra.alexholanda.com.br\/fibra\/sindicatos-simeb\/\" \/>\n<meta property=\"og:site_name\" content=\"Fibra\" \/>\n<meta property=\"article:publisher\" content=\"https:\/\/www.facebook.com\/fibradf\" \/>\n<meta property=\"article:modified_time\" content=\"2022-04-19T19:45:08+00:00\" \/>\n<meta property=\"og:image\" content=\"https:\/\/sistemafibra.alexholanda.com.br\/fibra\/wp-content\/uploads\/sites\/6\/2021\/11\/SIMEB_logo.png\" \/>\n<meta name=\"twitter:card\" content=\"summary_large_image\" \/>\n<meta name=\"twitter:site\" content=\"@fibradf\" \/>\n<meta name=\"twitter:label1\" content=\"Est. tempo de leitura\" \/>\n\t<meta name=\"twitter:data1\" content=\"2 minutos\" \/>\n<script type=\"application\/ld+json\" class=\"yoast-schema-graph\">{\"@context\":\"https:\\\/\\\/schema.org\",\"@graph\":[{\"@type\":\"WebPage\",\"@id\":\"https:\\\/\\\/sistemafibra.alexholanda.com.br\\\/fibra\\\/sindicatos-simeb\\\/\",\"url\":\"https:\\\/\\\/sistemafibra.alexholanda.com.br\\\/fibra\\\/sindicatos-simeb\\\/\",\"name\":\"Simeb - Fibra\",\"isPartOf\":{\"@id\":\"https:\\\/\\\/sistemafibra.alexholanda.com.br\\\/fibra\\\/#website\"},\"primaryImageOfPage\":{\"@id\":\"https:\\\/\\\/sistemafibra.alexholanda.com.br\\\/fibra\\\/sindicatos-simeb\\\/#primaryimage\"},\"image\":{\"@id\":\"https:\\\/\\\/sistemafibra.alexholanda.com.br\\\/fibra\\\/sindicatos-simeb\\\/#primaryimage\"},\"thumbnailUrl\":\"https:\\\/\\\/sistemafibra.alexholanda.com.br\\\/fibra\\\/wp-content\\\/uploads\\\/sites\\\/6\\\/2021\\\/11\\\/SIMEB_logo.png\",\"datePublished\":\"2021-11-26T20:31:32+00:00\",\"dateModified\":\"2022-04-19T19:45:08+00:00\",\"breadcrumb\":{\"@id\":\"https:\\\/\\\/sistemafibra.alexholanda.com.br\\\/fibra\\\/sindicatos-simeb\\\/#breadcrumb\"},\"inLanguage\":\"pt-BR\",\"potentialAction\":[{\"@type\":\"ReadAction\",\"target\":[\"https:\\\/\\\/sistemafibra.alexholanda.com.br\\\/fibra\\\/sindicatos-simeb\\\/\"]}]},{\"@type\":\"ImageObject\",\"inLanguage\":\"pt-BR\",\"@id\":\"https:\\\/\\\/sistemafibra.alexholanda.com.br\\\/fibra\\\/sindicatos-simeb\\\/#primaryimage\",\"url\":\"https:\\\/\\\/sistemafibra.alexholanda.com.br\\\/fibra\\\/wp-content\\\/uploads\\\/sites\\\/6\\\/2021\\\/11\\\/SIMEB_logo.png\",\"contentUrl\":\"https:\\\/\\\/sistemafibra.alexholanda.com.br\\\/fibra\\\/wp-content\\\/uploads\\\/sites\\\/6\\\/2021\\\/11\\\/SIMEB_logo.png\"},{\"@type\":\"BreadcrumbList\",\"@id\":\"https:\\\/\\\/sistemafibra.alexholanda.com.br\\\/fibra\\\/sindicatos-simeb\\\/#breadcrumb\",\"itemListElement\":[{\"@type\":\"ListItem\",\"position\":1,\"name\":\"\",\"item\":\"https:\\\/\\\/sistemafibra.alexholanda.com.br\\\/fibra\\\/\"},{\"@type\":\"ListItem\",\"position\":2,\"name\":\"Simeb\"}]},{\"@type\":\"WebSite\",\"@id\":\"https:\\\/\\\/sistemafibra.alexholanda.com.br\\\/fibra\\\/#website\",\"url\":\"https:\\\/\\\/sistemafibra.alexholanda.com.br\\\/fibra\\\/\",\"name\":\"Fibra\",\"description\":\"Nosso novo portal\",\"publisher\":{\"@id\":\"https:\\\/\\\/sistemafibra.alexholanda.com.br\\\/fibra\\\/#organization\"},\"potentialAction\":[{\"@type\":\"SearchAction\",\"target\":{\"@type\":\"EntryPoint\",\"urlTemplate\":\"https:\\\/\\\/sistemafibra.alexholanda.com.br\\\/fibra\\\/?s={search_term_string}\"},\"query-input\":{\"@type\":\"PropertyValueSpecification\",\"valueRequired\":true,\"valueName\":\"search_term_string\"}}],\"inLanguage\":\"pt-BR\"},{\"@type\":\"Organization\",\"@id\":\"https:\\\/\\\/sistemafibra.alexholanda.com.br\\\/fibra\\\/#organization\",\"name\":\"Fibra\",\"url\":\"https:\\\/\\\/sistemafibra.alexholanda.com.br\\\/fibra\\\/\",\"logo\":{\"@type\":\"ImageObject\",\"inLanguage\":\"pt-BR\",\"@id\":\"https:\\\/\\\/sistemafibra.alexholanda.com.br\\\/fibra\\\/#\\\/schema\\\/logo\\\/image\\\/\",\"url\":\"https:\\\/\\\/sistemafibra.alexholanda.com.br\\\/fibra\\\/wp-content\\\/uploads\\\/sites\\\/6\\\/2021\\\/11\\\/logofibra.png\",\"contentUrl\":\"https:\\\/\\\/sistemafibra.alexholanda.com.br\\\/fibra\\\/wp-content\\\/uploads\\\/sites\\\/6\\\/2021\\\/11\\\/logofibra.png\",\"width\":180,\"height\":55,\"caption\":\"Fibra\"},\"image\":{\"@id\":\"https:\\\/\\\/sistemafibra.alexholanda.com.br\\\/fibra\\\/#\\\/schema\\\/logo\\\/image\\\/\"},\"sameAs\":[\"https:\\\/\\\/www.facebook.com\\\/fibradf\",\"https:\\\/\\\/x.com\\\/fibradf\",\"https:\\\/\\\/www.instagram.com\\\/fibra_df\\\/\",\"https:\\\/\\\/www.linkedin.com\\\/company\\\/sistemafibra\\\/\",\"https:\\\/\\\/www.youtube.com\\\/tvfibra\"]}]}<\/script>\n<!-- \/ Yoast SEO plugin. -->","yoast_head_json":{"title":"Simeb - Fibra","robots":{"index":"index","follow":"follow","max-snippet":"max-snippet:-1","max-image-preview":"max-image-preview:large","max-video-preview":"max-video-preview:-1"},"canonical":"https:\/\/sistemafibra.alexholanda.com.br\/fibra\/sindicatos-simeb\/","og_locale":"pt_BR","og_type":"article","og_title":"Simeb - Fibra","og_description":"Sindicatos SIMEB\u00a0 \u00a0 O Sindicato das Ind\u00fastrias Metal\u00fargicas, Mec\u00e2nicas e de Material El\u00e9trico do Distrito Federal (Simeb-DF) atua, permanentemente, em prol do desenvolvimento da classe representada e do progresso de seus s\u00f3cios, representando e lutando em defesa dos direitos e interesses da sua categoria industrial, dos prestadores de servi\u00e7os, das classes produtoras, de outras atividades [&hellip;]","og_url":"https:\/\/sistemafibra.alexholanda.com.br\/fibra\/sindicatos-simeb\/","og_site_name":"Fibra","article_publisher":"https:\/\/www.facebook.com\/fibradf","article_modified_time":"2022-04-19T19:45:08+00:00","og_image":[{"url":"https:\/\/sistemafibra.alexholanda.com.br\/fibra\/wp-content\/uploads\/sites\/6\/2021\/11\/SIMEB_logo.png","type":"","width":"","height":""}],"twitter_card":"summary_large_image","twitter_site":"@fibradf","twitter_misc":{"Est. tempo de leitura":"2 minutos"},"schema":{"@context":"https:\/\/schema.org","@graph":[{"@type":"WebPage","@id":"https:\/\/sistemafibra.alexholanda.com.br\/fibra\/sindicatos-simeb\/","url":"https:\/\/sistemafibra.alexholanda.com.br\/fibra\/sindicatos-simeb\/","name":"Simeb - Fibra","isPartOf":{"@id":"https:\/\/sistemafibra.alexholanda.com.br\/fibra\/#website"},"primaryImageOfPage":{"@id":"https:\/\/sistemafibra.alexholanda.com.br\/fibra\/sindicatos-simeb\/#primaryimage"},"image":{"@id":"https:\/\/sistemafibra.alexholanda.com.br\/fibra\/sindicatos-simeb\/#primaryimage"},"thumbnailUrl":"https:\/\/sistemafibra.alexholanda.com.br\/fibra\/wp-content\/uploads\/sites\/6\/2021\/11\/SIMEB_logo.png","datePublished":"2021-11-26T20:31:32+00:00","dateModified":"2022-04-19T19:45:08+00:00","breadcrumb":{"@id":"https:\/\/sistemafibra.alexholanda.com.br\/fibra\/sindicatos-simeb\/#breadcrumb"},"inLanguage":"pt-BR","potentialAction":[{"@type":"ReadAction","target":["https:\/\/sistemafibra.alexholanda.com.br\/fibra\/sindicatos-simeb\/"]}]},{"@type":"ImageObject","inLanguage":"pt-BR","@id":"https:\/\/sistemafibra.alexholanda.com.br\/fibra\/sindicatos-simeb\/#primaryimage","url":"https:\/\/sistemafibra.alexholanda.com.br\/fibra\/wp-content\/uploads\/sites\/6\/2021\/11\/SIMEB_logo.png","contentUrl":"https:\/\/sistemafibra.alexholanda.com.br\/fibra\/wp-content\/uploads\/sites\/6\/2021\/11\/SIMEB_logo.png"},{"@type":"BreadcrumbList","@id":"https:\/\/sistemafibra.alexholanda.com.br\/fibra\/sindicatos-simeb\/#breadcrumb","itemListElement":[{"@type":"ListItem","position":1,"name":"","item":"https:\/\/sistemafibra.alexholanda.com.br\/fibra\/"},{"@type":"ListItem","position":2,"name":"Simeb"}]},{"@type":"WebSite","@id":"https:\/\/sistemafibra.alexholanda.com.br\/fibra\/#website","url":"https:\/\/sistemafibra.alexholanda.com.br\/fibra\/","name":"Fibra","description":"Nosso novo portal","publisher":{"@id":"https:\/\/sistemafibra.alexholanda.com.br\/fibra\/#organization"},"potentialAction":[{"@type":"SearchAction","target":{"@type":"EntryPoint","urlTemplate":"https:\/\/sistemafibra.alexholanda.com.br\/fibra\/?s={search_term_string}"},"query-input":{"@type":"PropertyValueSpecification","valueRequired":true,"valueName":"search_term_string"}}],"inLanguage":"pt-BR"},{"@type":"Organization","@id":"https:\/\/sistemafibra.alexholanda.com.br\/fibra\/#organization","name":"Fibra","url":"https:\/\/sistemafibra.alexholanda.com.br\/fibra\/","logo":{"@type":"ImageObject","inLanguage":"pt-BR","@id":"https:\/\/sistemafibra.alexholanda.com.br\/fibra\/#\/schema\/logo\/image\/","url":"https:\/\/sistemafibra.alexholanda.com.br\/fibra\/wp-content\/uploads\/sites\/6\/2021\/11\/logofibra.png","contentUrl":"https:\/\/sistemafibra.alexholanda.com.br\/fibra\/wp-content\/uploads\/sites\/6\/2021\/11\/logofibra.png","width":180,"height":55,"caption":"Fibra"},"image":{"@id":"https:\/\/sistemafibra.alexholanda.com.br\/fibra\/#\/schema\/logo\/image\/"},"sameAs":["https:\/\/www.facebook.com\/fibradf","https:\/\/x.com\/fibradf","https:\/\/www.instagram.com\/fibra_df\/","https:\/\/www.linkedin.com\/company\/sistemafibra\/","https:\/\/www.youtube.com\/tvfibra"]}]}},"_links":{"self":[{"href":"https:\/\/sistemafibra.alexholanda.com.br\/fibra\/wp-json\/wp\/v2\/pages\/10174","targetHints":{"allow":["GET"]}}],"collection":[{"href":"https:\/\/sistemafibra.alexholanda.com.br\/fibra\/wp-json\/wp\/v2\/pages"}],"about":[{"href":"https:\/\/sistemafibra.alexholanda.com.br\/fibra\/wp-json\/wp\/v2\/types\/page"}],"author":[{"embeddable":true,"href":"https:\/\/sistemafibra.alexholanda.com.br\/fibra\/wp-json\/wp\/v2\/users\/2"}],"replies":[{"embeddable":true,"href":"https:\/\/sistemafibra.alexholanda.com.br\/fibra\/wp-json\/wp\/v2\/comments?post=10174"}],"version-history":[{"count":3,"href":"https:\/\/sistemafibra.alexholanda.com.br\/fibra\/wp-json\/wp\/v2\/pages\/10174\/revisions"}],"predecessor-version":[{"id":11860,"href":"https:\/\/sistemafibra.alexholanda.com.br\/fibra\/wp-json\/wp\/v2\/pages\/10174\/revisions\/11860"}],"wp:attachment":[{"href":"https:\/\/sistemafibra.alexholanda.com.br\/fibra\/wp-json\/wp\/v2\/media?parent=10174"}],"wp:term":[{"taxonomy":"tipo_de_conteudo","embeddable":true,"href":"https:\/\/sistemafibra.alexholanda.com.br\/fibra\/wp-json\/wp\/v2\/tipo_de_conteudo?post=10174"}],"curies":[{"name":"wp","href":"https:\/\/api.w.org\/{rel}","templated":true}]}}